{"id":143,"date":"2025-10-13T10:51:19","date_gmt":"2025-10-13T10:51:19","guid":{"rendered":"https:\/\/talentooculto.org\/cat\/?page_id=143"},"modified":"2025-11-27T17:25:04","modified_gmt":"2025-11-27T17:25:04","slug":"entrevista-helana-torras","status":"publish","type":"page","link":"https:\/\/talentooculto.org\/cat\/entrevista-helana-torras\/","title":{"rendered":"Helena Torras entrevista"},"content":{"rendered":"<p>[et_pb_section fb_built=&#8221;1&#8243; admin_label=&#8221;Header &#038; Video&#8221; _builder_version=&#8221;4.27.4&#8243; _module_preset=&#8221;991cad8a-0ec0-4260-a226-8e2e24cf5031&#8243; background_color=&#8221;#B63412&#8243; use_background_color_gradient=&#8221;on&#8221; background_color_gradient_stops=&#8221;#b63412 57%|#0a0a0a 78%&#8221; custom_margin=&#8221;||||false|false&#8221; custom_padding=&#8221;|||0px||&#8221; locked=&#8221;off&#8221; collapsed=&#8221;on&#8221; global_colors_info=&#8221;{%22gcid-1f1bf5fb-a99d-4acc-8d9e-ddac074c158c%22:%91%22background_color_gradient_stops%22,%22background_color_gradient_stops%22,%22background_color_gradient_stops%22,%22background_color_gradient_stops%22,%22background_color_gradient_stops%22,%22background_color_gradient_stops%22,%22background_color_gradient_stops%22,%22background_color_gradient_stops%22,%22background_color_gradient_stops%22,%22background_color_gradient_stops%22%93,%22gcid-a78660e1-cfc7-4771-a566-6834d6a7f06a%22:%91%22background_color_gradient_stops%22,%22background_color_gradient_stops%22,%22background_color_gradient_stops%22,%22background_color_gradient_stops%22,%22background_color_gradient_stops%22,%22background_color_gradient_stops%22,%22background_color_gradient_stops%22,%22background_color_gradient_stops%22,%22background_color_gradient_stops%22,%22background_color_gradient_stops%22%93,%22gcid-24b0db87-dafa-47d9-995f-b90181e18c52%22:%91%22background_color_gradient_stops%22,%22background_color_gradient_stops%22,%22background_color_gradient_stops%22,%22background_color_gradient_stops%22,%22background_color_gradient_stops%22,%22background_color_gradient_stops%22,%22background_color_gradient_stops%22,%22background_color_gradient_stops%22,%22background_color_gradient_stops%22,%22background_color_gradient_stops%22%93}&#8221;][et_pb_row column_structure=&#8221;1_2,1_2&#8243; _builder_version=&#8221;4.27.4&#8243; _module_preset=&#8221;default&#8221; custom_margin=&#8221;-17px|auto||auto|false|false&#8221; custom_margin_tablet=&#8221;-17px|auto||auto|false|false&#8221; custom_margin_phone=&#8221;-10px|auto||auto|false|false&#8221; custom_margin_last_edited=&#8221;on|desktop&#8221; custom_padding=&#8221;0px||||false|false&#8221; global_colors_info=&#8221;{}&#8221;][et_pb_column type=&#8221;1_2&#8243; _builder_version=&#8221;4.25.1&#8243; _module_preset=&#8221;default&#8221; global_colors_info=&#8221;{}&#8221;][et_pb_image src=&#8221;https:\/\/talentooculto.org\/cat\/wp-content\/uploads\/sites\/4\/2025\/10\/Helena-Torras.png&#8221; title_text=&#8221;Helena Torras&#8221; align=&#8221;center&#8221; _builder_version=&#8221;4.27.4&#8243; _module_preset=&#8221;default&#8221; height=&#8221;400px&#8221; custom_margin=&#8221;||||false|false&#8221; custom_margin_tablet=&#8221;||||false|false&#8221; custom_margin_phone=&#8221;-6px||||false|false&#8221; custom_margin_last_edited=&#8221;on|phone&#8221; border_radii=&#8221;on|30px|30px|30px|30px&#8221; global_colors_info=&#8221;{}&#8221;][\/et_pb_image][\/et_pb_column][et_pb_column type=&#8221;1_2&#8243; _builder_version=&#8221;4.25.1&#8243; _module_preset=&#8221;default&#8221; global_colors_info=&#8221;{}&#8221;][et_pb_text _builder_version=&#8221;4.27.4&#8243; _module_preset=&#8221;default&#8221; header_3_font=&#8221;Inter||||||||&#8221; header_3_text_align=&#8221;center&#8221; header_3_font_size=&#8221;32px&#8221; custom_margin=&#8221;150px||||false|false&#8221; custom_margin_tablet=&#8221;150px||||false|false&#8221; custom_margin_phone=&#8221;0px||||false|false&#8221; custom_margin_last_edited=&#8221;on|phone&#8221; global_colors_info=&#8221;{}&#8221;]<\/p>\n<h3 class=\"p1\" style=\"text-align: center;\"><strong><span style=\"color: #ffffff;\">Helena Torras<\/span><\/strong><\/h3>\n<p>[\/et_pb_text][et_pb_text _builder_version=&#8221;4.27.4&#8243; _module_preset=&#8221;default&#8221; header_3_font=&#8221;Inter||||||||&#8221; header_3_text_align=&#8221;center&#8221; header_3_font_size=&#8221;32px&#8221; custom_margin=&#8221;31px||||false|false&#8221; custom_margin_tablet=&#8221;150px||||false|false&#8221; custom_margin_phone=&#8221;0px||||false|false&#8221; custom_margin_last_edited=&#8221;on|phone&#8221; global_colors_info=&#8221;{}&#8221;]<\/p>\n<h3 class=\"p1\" style=\"text-align: center;\"><span style=\"color: #ffffff;\">&#8220;Va obrir portes perqu\u00e8 altres poguessin passar.&#8221;<\/span><\/h3>\n<p>[\/et_pb_text][\/et_pb_column][\/et_pb_row][et_pb_row _builder_version=&#8221;4.27.4&#8243; _module_preset=&#8221;default&#8221; width_tablet=&#8221;&#8221; width_phone=&#8221;90%&#8221; width_last_edited=&#8221;on|phone&#8221; global_colors_info=&#8221;{}&#8221;][et_pb_column type=&#8221;4_4&#8243; _builder_version=&#8221;4.25.1&#8243; _module_preset=&#8221;default&#8221; global_colors_info=&#8221;{}&#8221;][et_pb_text _builder_version=&#8221;4.27.4&#8243; _module_preset=&#8221;55f8d517-4382-4b22-962a-6779a3742dd7&#8243; text_line_height=&#8221;1.4em&#8221; header_line_height=&#8221;0.5em&#8221; header_5_font=&#8221;Inter||||||||&#8221; width=&#8221;100%&#8221; custom_margin=&#8221;|-17px||1px||&#8221; custom_margin_tablet=&#8221;|-17px||1px||&#8221; custom_margin_phone=&#8221;||||false|false&#8221; custom_margin_last_edited=&#8221;on|phone&#8221; custom_padding=&#8221;|0px|||false|false&#8221; global_colors_info=&#8221;{}&#8221;]<\/p>\n<h5 style=\"text-align: justify;\"><strong>1. Com et defineixes quan ning\u00fa et mira?<\/strong><\/h5>\n<p style=\"text-align: justify;\"><span>Exploradora amb curiositat i decisi\u00f3, positiva i autoexigent. Connectora de conceptes, persones, sectors, visions. Tinc una intu\u00efci\u00f3 entrenada que em permet anticipar-me, veure patrons i prendre decisions en moments de complexitat o canvi. Molt amiga dels meus amics, i profundament lleial a aquells que confien en mi.<\/span><\/p>\n<h5 style=\"text-align: justify;\"><strong>2. Quan penses en el teu talent, en all\u00f2 que aportes m\u00e9s enll\u00e0 del rol, en el que et fa \u00fanic\/a, qu\u00e8 diries que \u00e9s?<\/strong><\/h5>\n<p style=\"text-align: justify;\">Penso a mitj\u00e0 i llarg termini, connectant all\u00f2 que a primera vista sembla desconnectat, ajudant a organitzacions i persones a decidir millor en moments clau. Tinc una mirada estrat\u00e8gica que uneix tecnologia, persones i negoci. Em surt natural pensar diferent, veure m\u00e9s enll\u00e0, traduir idees complexes en paraules simples i anticipar-me. No penso en sitges: connecto mons, persones i oportunitats que no semblen evidents. Soc bona articulant converses clau, generant confian\u00e7a i construint relacions de llarg termini. Combino pensament estrat\u00e8gic i sensibilitat humana, i aquest equilibri em permet aportar en espais on hi ha tensions entre el que es vol, el que es pot i el que conv\u00e9. On hi ha transformaci\u00f3, s\u00e9 estar-hi. On hi ha complexitat, aporto ordre i perspectiva. On hi ha dispersi\u00f3, tendeixo ponts. La meva cosa \u00e9s obrir portes: a persones, a idees, a futurs possibles.<\/p>\n<h5 style=\"text-align: justify;\"><strong>3. Quins valors regeixen la teva vida i com es manifesten en el teu dia a dia?<\/strong><\/h5>\n<p style=\"text-align: justify;\">Honestetat, per poder ser coherent amb mi mateixa en cada decisi\u00f3. Lleialtat, com a forma de respecte profund cap a les persones amb les quals camino. Generositat, com a motor que impulsa connexions i projectes. I l&#8217;amistat i la fam\u00edlia, que ho travessen tot i em recorden qui soc.<\/p>\n<h5 style=\"text-align: justify;\"><strong>4. Qu\u00e8 busques en el que fas, professionalment o personalment?<\/strong><\/h5>\n<p style=\"text-align: justify;\">Busco deixar empremta amb prop\u00f2sit. Que el que faig tingui impacte, que construeixi alguna cosa que quedi, i que ho faci envoltada de persones amb les quals compartir els desafiaments i, per descomptat, seguir creixent. M&#8217;importa que el que faci tingui \u00e0nima i passar-m&#8217;ho b\u00e9 pel cam\u00ed.<\/p>\n<h5 style=\"text-align: justify;\"><strong>5. Qu\u00e8 t&#8217;enamora, et mou, t&#8217;emociona?<\/strong><\/h5>\n<p style=\"text-align: justify;\">M&#8217;emociona la generositat sense espectacle. Les persones que construeixen amb prop\u00f2sit. El talent comprom\u00e8s. Les empreses que creixen generant impacte, el lideratge gener\u00f3s. I els qui entenen que col\u00b7laborar genera m\u00e9s que competir. M&#8217;enamora veure talent en acci\u00f3, quan alg\u00fa s&#8217;atreveix a ser i no nom\u00e9s a fer.<\/p>\n<h5 style=\"text-align: justify;\"><strong>6. Qu\u00e8 detestes profundament?<\/strong><\/h5>\n<p style=\"text-align: justify;\"><span>M&#8217;allunyen la hipocresia, l&#8217;ego desmesurat, els qui ocupen espai sense deixar respirar al grup. No suporto la falta d&#8217;\u00e8tica, ni l&#8217;inter\u00e8s disfressat de connexi\u00f3.<img loading=\"lazy\" decoding=\"async\" src=\"https:\/\/talentooculto.org\/cat\/wp-content\/uploads\/sites\/4\/2025\/10\/000-2023.04-230425-PMacM-5337-200x300.jpg\" width=\"200\" height=\"300\" alt=\"\" class=\"wp-image-506 alignright size-medium\" \/><\/span><span><\/span><\/p>\n<h5 style=\"text-align: justify;\"><strong>7. Qu\u00e8 passa quan et veuen de veritat?<\/strong><\/h5>\n<p style=\"text-align: justify;\"><span>No em disfresso, soc com soc. Qui em veu, veu el real. El que s\u00ed em costa \u00e9s sostenir l&#8217;elogi. M&#8217;aclapara una mica. Per\u00f2 estic aprenent que sostenir el que un \u00e9s tamb\u00e9 implica sostenir el bo que altres veuen en tu.<\/span><\/p>\n<h5 style=\"text-align: justify;\"><strong>8. En quin tipus de decisions t&#8217;agrada ser?<\/strong><\/h5>\n<p style=\"text-align: justify;\">M&#8217;agrada ser en decisions que canvien el rumb: quan cal redefinir un prop\u00f2sit, entrar en un nou mercat, obrir una nova etapa, resoldre tensions internes o abordar una crisi. Moments on el f\u00e0cil \u00e9s actuar per in\u00e8rcia, per\u00f2 el necessari \u00e9s parar, mirar amb altres ulls i atrevir-se. All\u00e0 puc aportar. M&#8217;interessen els espais on l&#8217;\u00e8tica, l&#8217;impacte i el creixement es creuen.<\/p>\n<h5 style=\"text-align: justify;\"><strong>9. Quina mena de converses creus que falten a les empreses avui?<\/strong><\/h5>\n<p style=\"text-align: justify;\">Converses reals. Amb pors, amb dubtes, amb veritats que de vegades fan mal. Sobre valors sense que soni a m\u00e0rqueting, de talent sense jerarquies. Falten espais on es pugui parlar del que no est\u00e0 funcionant sense por de perdre influ\u00e8ncia, i on s&#8217;escolti amb obertura fins i tot quan el missatge incomoda. Tamb\u00e9 falten converses intergeneracionals, on escoltem als qui arriben, i no nom\u00e9s els diem &#8220;com s\u00f3n les coses&#8221;. Sovint, el m\u00e9s transformador no \u00e9s portar una nova estrat\u00e8gia, sin\u00f3 facilitar una conversa que mai s&#8217;ha tingut. I all\u00e0 \u00e9s on s\u00e9 aportar.<\/p>\n<h5 style=\"text-align: justify;\"><strong>10. Qu\u00e8 \u00e9s alguna cosa valuosa que vas aprendre d&#8217;un frac\u00e0s?<\/strong><\/h5>\n<p style=\"text-align: justify;\">He tingut diversos fracassos en la meva vida, i gaireb\u00e9 sempre, la seg\u00fcent etapa ha estat millor. Vaig aprendre que el frac\u00e0s no \u00e9s una derrota, sin\u00f3 un senyal: de vegades que no era el moment, altres que no era el cam\u00ed, o no eren els companys de viatge adequats. L&#8217;important \u00e9s revisar amb honestedat, entendre el proc\u00e9s i deixar anar l&#8217;ego. Tamb\u00e9 vaig entendre que defensar una idea que encara no est\u00e0 madura pot obrir cam\u00ed per a altres. I que la humilitat de tornar a comen\u00e7ar, lluny de restar autoritat, refor\u00e7a el lideratge. Perqu\u00e8 qui ha caigut i torna a apostar, ho fa des d&#8217;un altre lloc: amb m\u00e9s perspectiva, m\u00e9s criteri i m\u00e9s capacitat d&#8217;impacte.<\/p>\n<h5 style=\"text-align: justify;\"><strong>11. Com saps que has aportat valor en un projecte o en una relaci\u00f3 professional?<\/strong><\/h5>\n<p style=\"text-align: justify;\">Quan les decisions guanyen coher\u00e8ncia, quan s&#8217;avan\u00e7a amb m\u00e9s claredat i es pren un rumb que abans semblava incert. Ho noto quan es fa un pas que abans feia vertigen, o quan s&#8217;aborda una conversa que portava temps ajornant-se. Tamb\u00e9 ho s\u00e9 quan em truquen per obrir una nova etapa, per acompanyar una transformaci\u00f3, per facilitar una decisi\u00f3 complexa o construir alguna cosa que no estava prevista. Perqu\u00e8 aix\u00f2 significa que la meva forma d&#8217;acompanyar va deixar empremta. No nom\u00e9s en les persones, sin\u00f3 tamb\u00e9 en la cultura de decidir, en com es mesuren els riscos i es sostenen els compromisos.<\/p>\n<h5 style=\"text-align: justify;\"><strong>12. Si haguessis de triar una frase famosa que et representi, quina seria?<\/strong><\/h5>\n<p style=\"text-align: justify;\">&#8220;Be yourself, everyone else is already taken&#8221;, d&#8217;Oscar Wilde. Perqu\u00e8 he trigat anys a entendre que el que soc, amb les meves contradiccions, \u00e9s precisament el que em permet aportar.<\/p>\n<h5 style=\"text-align: justify;\"><strong>13. Qu\u00e8 t&#8217;agradaria explorar o construir en aquesta etapa de la teva vida?<\/strong><\/h5>\n<p style=\"text-align: justify;\">M&#8217;interessa ser en espais on es prenen decisions importants, on es creuen visi\u00f3, impacte i prop\u00f2sit. Vull contribuir amb mirada estrat\u00e8gica i sensibilitat humana en projectes que estiguin en fases de creixement o transformaci\u00f3. Em sento c\u00f2moda quan puc aportar des de l&#8217;experi\u00e8ncia, per\u00f2 tamb\u00e9 des de l&#8217;escolta i la intu\u00efci\u00f3. M&#8217;interessa ser on la visi\u00f3 es converteix en impacte. M&#8217;atrauen els llocs on s&#8217;entrellacen estrat\u00e8gia, llegat i futur; on puc ajudar a traduir converses dif\u00edcils en decisions compartides, i connectar el que sembla distant: generacions, mentalitats, formes de fer. All\u00e0 \u00e9s on s\u00e9 aportar m\u00e9s: com a pont entre perspectives diferents, acompanyant moments en els quals no nom\u00e9s es decideix qu\u00e8 fer, sin\u00f3 tamb\u00e9 qui volem ser en fer-ho. Em mouen els espais on l&#8217;\u00e8tica, l&#8217;impacte i el creixement es creuen.<\/p>\n<h5 style=\"text-align: justify;\"><strong>14. Si poguessis escriure una frase que alg\u00fa record\u00e9s de tu d&#8217;aqu\u00ed a 10 anys, quina seria?<\/strong><\/h5>\n<p style=\"text-align: justify;\">Va obrir portes perqu\u00e8 altres poguessin passar.<\/p>\n<p>[\/et_pb_text][et_pb_button button_url=&#8221;https:\/\/www.linkedin.com\/in\/helenatorras\/&#8221; button_text=&#8221;PERFIL DE LINKEDIN&#8221; _builder_version=&#8221;4.27.4&#8243; _module_preset=&#8221;default&#8221; custom_button=&#8221;on&#8221; button_text_color=&#8221;#FFFFFF&#8221; button_border_radius=&#8221;30px&#8221; button_font=&#8221;Inter|||on|||||&#8221; button_use_icon=&#8221;off&#8221; global_colors_info=&#8221;{}&#8221;][\/et_pb_button][et_pb_text _builder_version=&#8221;4.27.4&#8243; _module_preset=&#8221;default&#8221; hover_enabled=&#8221;0&#8243; global_colors_info=&#8221;{}&#8221; sticky_enabled=&#8221;0&#8243;]<\/p>\n<p><span style=\"color: #ffffff;\">PaoCapital<\/span><\/p>\n<p><a href=\"https:\/\/www.boardasaservice.es\/\"><span style=\"color: #ffffff;\">Board as a Service<\/span><\/a><\/p>\n<p><span style=\"color: #ffffff;\">Hans(wo)menGroup<\/span><\/p>\n<p><a href=\"https:\/\/thesparkathelenas.com\"><span style=\"color: #ffffff;\">The Spark at Helena&#8217;s<\/span><\/a><\/p>\n<p>&nbsp;<\/p>\n<p>[\/et_pb_text][et_pb_text _builder_version=&#8221;4.27.4&#8243; _module_preset=&#8221;default&#8221; hover_enabled=&#8221;0&#8243; global_colors_info=&#8221;{}&#8221; custom_padding=&#8221;||22px|||&#8221; sticky_enabled=&#8221;0&#8243;]<\/p>\n<p><span style=\"color: #ffffff;\"><strong>Consellera | Estrat\u00e8gia | Tecnologia | Corporaci\u00f3<\/strong><\/span><\/p>\n<p>[\/et_pb_text][\/et_pb_column][\/et_pb_row][\/et_pb_section]<\/p>\n","protected":false},"excerpt":{"rendered":"<p>Helena Torras&#8221;Va obrir portes perqu\u00e8 altres poguessin passar.&#8221;1. Com et defineixes quan ning\u00fa et mira? Exploradora amb curiositat i decisi\u00f3, positiva i autoexigent. Connectora de conceptes, persones, sectors, visions. Tinc una intu\u00efci\u00f3 entrenada que em permet anticipar-me, veure patrons i prendre decisions en moments de complexitat o canvi. Molt amiga dels meus amics, i profundament [&hellip;]<\/p>\n","protected":false},"author":2,"featured_media":0,"parent":0,"menu_order":0,"comment_status":"closed","ping_status":"closed","template":"","meta":{"_et_pb_use_builder":"on","_et_pb_old_content":"","_et_gb_content_width":"","footnotes":""},"class_list":["post-143","page","type-page","status-publish","hentry"],"_links":{"self":[{"href":"https:\/\/talentooculto.org\/cat\/wp-json\/wp\/v2\/pages\/143","targetHints":{"allow":["GET"]}}],"collection":[{"href":"https:\/\/talentooculto.org\/cat\/wp-json\/wp\/v2\/pages"}],"about":[{"href":"https:\/\/talentooculto.org\/cat\/wp-json\/wp\/v2\/types\/page"}],"author":[{"embeddable":true,"href":"https:\/\/talentooculto.org\/cat\/wp-json\/wp\/v2\/users\/2"}],"replies":[{"embeddable":true,"href":"https:\/\/talentooculto.org\/cat\/wp-json\/wp\/v2\/comments?post=143"}],"version-history":[{"count":18,"href":"https:\/\/talentooculto.org\/cat\/wp-json\/wp\/v2\/pages\/143\/revisions"}],"predecessor-version":[{"id":554,"href":"https:\/\/talentooculto.org\/cat\/wp-json\/wp\/v2\/pages\/143\/revisions\/554"}],"wp:attachment":[{"href":"https:\/\/talentooculto.org\/cat\/wp-json\/wp\/v2\/media?parent=143"}],"curies":[{"name":"wp","href":"https:\/\/api.w.org\/{rel}","templated":true}]}}