{"id":321,"date":"2025-10-21T11:08:06","date_gmt":"2025-10-21T11:08:06","guid":{"rendered":"https:\/\/talentooculto.org\/cat\/?page_id=321"},"modified":"2025-11-10T07:14:25","modified_gmt":"2025-11-10T07:14:25","slug":"seleccion-talentos-ocultos","status":"publish","type":"page","link":"https:\/\/talentooculto.org\/cat\/seleccion-talentos-ocultos\/","title":{"rendered":"Talentos Ocultos"},"content":{"rendered":"<p>[et_pb_section fb_built=&#8221;1&#8243; admin_label=&#8221;Header &#038; Video&#8221; _builder_version=&#8221;4.27.4&#8243; _module_preset=&#8221;991cad8a-0ec0-4260-a226-8e2e24cf5031&#8243; background_color=&#8221;#B63412&#8243; use_background_color_gradient=&#8221;on&#8221; custom_margin=&#8221;||||false|false&#8221; hover_enabled=&#8221;0&#8243; locked=&#8221;off&#8221; collapsed=&#8221;on&#8221; global_colors_info=&#8221;{%22gcid-1f1bf5fb-a99d-4acc-8d9e-ddac074c158c%22:%91%22background_color_gradient_stops%22,%22background_color_gradient_stops%22,%22background_color_gradient_stops%22,%22background_color_gradient_stops%22,%22background_color_gradient_stops%22,%22background_color_gradient_stops%22,%22background_color_gradient_stops%22,%22background_color_gradient_stops%22,%22background_color_gradient_stops%22,%22background_color_gradient_stops%22%93,%22gcid-a78660e1-cfc7-4771-a566-6834d6a7f06a%22:%91%22background_color_gradient_stops%22,%22background_color_gradient_stops%22,%22background_color_gradient_stops%22,%22background_color_gradient_stops%22,%22background_color_gradient_stops%22,%22background_color_gradient_stops%22,%22background_color_gradient_stops%22,%22background_color_gradient_stops%22,%22background_color_gradient_stops%22,%22background_color_gradient_stops%22%93,%22gcid-24b0db87-dafa-47d9-995f-b90181e18c52%22:%91%22background_color_gradient_stops%22,%22background_color_gradient_stops%22,%22background_color_gradient_stops%22,%22background_color_gradient_stops%22,%22background_color_gradient_stops%22,%22background_color_gradient_stops%22,%22background_color_gradient_stops%22,%22background_color_gradient_stops%22,%22background_color_gradient_stops%22,%22background_color_gradient_stops%22%93}&#8221; sticky_enabled=&#8221;0&#8243;][et_pb_row _builder_version=&#8221;4.27.4&#8243; _module_preset=&#8221;default&#8221; global_colors_info=&#8221;{}&#8221;][et_pb_column type=&#8221;4_4&#8243; _builder_version=&#8221;4.25.1&#8243; _module_preset=&#8221;default&#8221; global_colors_info=&#8221;{}&#8221;][et_pb_heading title=&#8221;TALENT&#8221; _builder_version=&#8221;4.27.4&#8243; _module_preset=&#8221;2d7b2039-1369-4104-b727-37e3d19e5b9f&#8221; title_level=&#8221;h6&#8243; title_font=&#8221;Inter|500||on|||||&#8221; title_text_color=&#8221;#FFFFFF&#8221; custom_margin=&#8221;||10px||false|false&#8221; global_colors_info=&#8221;{}&#8221;][\/et_pb_heading][et_pb_search exclude_pages=&#8221;off&#8221; _builder_version=&#8221;4.27.4&#8243; _module_preset=&#8221;default&#8221; global_colors_info=&#8221;{}&#8221;][\/et_pb_search][\/et_pb_column][\/et_pb_row][et_pb_row _builder_version=&#8221;4.27.4&#8243; _module_preset=&#8221;default&#8221; global_colors_info=&#8221;{}&#8221;][et_pb_column type=&#8221;4_4&#8243; _builder_version=&#8221;4.25.1&#8243; _module_preset=&#8221;default&#8221; global_colors_info=&#8221;{}&#8221;][et_pb_button button_url=&#8221;https:\/\/talentooculto.org\/cat\/llistat-talento-oculto\/&#8221; button_text=&#8221;DESCOBREIX TOTES LES ENTREVISTES&#8221; button_alignment=&#8221;center&#8221; _builder_version=&#8221;4.27.4&#8243; _module_preset=&#8221;default&#8221; custom_button=&#8221;on&#8221; button_text_color=&#8221;#FFFFFF&#8221; button_border_radius=&#8221;30px&#8221; button_use_icon=&#8221;off&#8221; global_colors_info=&#8221;{}&#8221;][\/et_pb_button][\/et_pb_column][\/et_pb_row][et_pb_row column_structure=&#8221;1_3,1_3,1_3&#8243; _builder_version=&#8221;4.27.4&#8243; _module_preset=&#8221;default&#8221; global_colors_info=&#8221;{}&#8221;][et_pb_column type=&#8221;1_3&#8243; _builder_version=&#8221;4.25.1&#8243; _module_preset=&#8221;default&#8221; global_colors_info=&#8221;{}&#8221;][et_pb_image src=&#8221;https:\/\/talentooculto.org\/cat\/wp-content\/uploads\/sites\/4\/2025\/10\/Roser-Roca-Toha.png&#8221; title_text=&#8221;Roser Roca-Toha&#8221; url=&#8221;https:\/\/talentooculto.org\/cat\/roser-roca-toha-entrevista\/&#8221; _builder_version=&#8221;4.27.4&#8243; _module_preset=&#8221;default&#8221; filter_opacity=&#8221;35%&#8221; mix_blend_mode=&#8221;hue&#8221; border_radii=&#8221;on|30px|30px|30px|30px&#8221; global_colors_info=&#8221;{}&#8221;][\/et_pb_image][et_pb_text _builder_version=&#8221;4.27.4&#8243; _module_preset=&#8221;default&#8221; text_font=&#8221;Inter||||||||&#8221; text_text_color=&#8221;#FFFFFF&#8221; header_2_font=&#8221;Inter|||on|||||&#8221; header_2_text_color=&#8221;#FFFFFF&#8221; header_3_font=&#8221;Inter|||on|||||&#8221; header_3_text_color=&#8221;#FFFFFF&#8221; min_height=&#8221;37px&#8221; overflow-x=&#8221;hidden&#8221; overflow-y=&#8221;hidden&#8221; custom_margin=&#8221;||-3px|||&#8221; custom_padding=&#8221;||1px|||&#8221; animation_style=&#8221;zoom&#8221; link_option_url=&#8221;https:\/\/talentooculto.org\/cat\/roser-roca-toha-entrevista\/&#8221; scroll_fade_enable=&#8221;on&#8221; scroll_fade=&#8221;0|100|100|100|0|100|100&#8243; global_colors_info=&#8221;{}&#8221;]<\/p>\n<h2>Roser Roca-Toha<\/h2>\n<p>[\/et_pb_text][et_pb_text _builder_version=&#8221;4.27.4&#8243; _module_preset=&#8221;default&#8221; text_font=&#8221;Inter||||||||&#8221; text_text_color=&#8221;#FFFFFF&#8221; min_height=&#8221;115.2px&#8221; overflow-x=&#8221;hidden&#8221; overflow-y=&#8221;hidden&#8221; animation_style=&#8221;zoom&#8221; scroll_fade_enable=&#8221;on&#8221; scroll_fade=&#8221;0|100|100|100|0|100|100&#8243; hover_enabled=&#8221;0&#8243; global_colors_info=&#8221;{}&#8221; sticky_enabled=&#8221;0&#8243;]<\/p>\n<div id=\"docs-editor-container\" dir=\"ltr\">\n<div id=\"docs-editor\" class=\"\">\n<div id=\"waffle-grid-container\" dir=\"ltr\">\n<div id=\"1595267127-grid-container\" class=\"grid-container\" dir=\"ltr\">\n<div id=\"1595267127-grid-table-container\">\n<div class=\"grid-table-container\">\n<div class=\"grid-scrollable-wrapper\" id=\"1595267127-scrollable\">\n<div class=\"goog-inline-block grid4-inner-container\">\n<div id=\"scrollable_right_0\" class=\"uberlay\">\n<div class=\"overlay-container-ltr\">\n<div>\n<div class=\"cell-input editable disabled-input\" role=\"combobox\" id=\"waffle-rich-text-editor\" dir=\"ltr\" aria-label=\"P2\"><span>&#8220;Toca el m\u00f3n i les persones, portant posada nom\u00e9s la senzillesa, autenticitat i passi\u00f3&#8230; i una profunda convicci\u00f3 que la tecnologia obre camins.&#8221;<\/span><\/div>\n<\/div>\n<\/div>\n<\/div>\n<\/div>\n<\/div>\n<\/div>\n<\/div>\n<\/div>\n<\/div>\n<\/div>\n<\/div>\n<p>[\/et_pb_text][et_pb_image src=&#8221;https:\/\/talentooculto.org\/cat\/wp-content\/uploads\/sites\/4\/2025\/10\/4.png&#8221; title_text=&#8221;4&#8243; url=&#8221;https:\/\/talentooculto.org\/cat\/sandra-estiarte-entrevista\/&#8221; _builder_version=&#8221;4.27.4&#8243; _module_preset=&#8221;default&#8221; filter_opacity=&#8221;35%&#8221; mix_blend_mode=&#8221;hue&#8221; border_radii=&#8221;on|30px|30px|30px|30px&#8221; global_colors_info=&#8221;{}&#8221;][\/et_pb_image][et_pb_text _builder_version=&#8221;4.27.4&#8243; _module_preset=&#8221;default&#8221; text_font=&#8221;Inter||||||||&#8221; text_text_color=&#8221;#FFFFFF&#8221; header_2_font=&#8221;Inter|||on|||||&#8221; header_2_text_color=&#8221;#FFFFFF&#8221; header_3_font=&#8221;Inter|||on|||||&#8221; header_3_text_color=&#8221;#FFFFFF&#8221; min_height=&#8221;37px&#8221; overflow-x=&#8221;hidden&#8221; overflow-y=&#8221;hidden&#8221; custom_margin=&#8221;||-3px|||&#8221; custom_padding=&#8221;||1px|||&#8221; animation_style=&#8221;zoom&#8221; scroll_fade_enable=&#8221;on&#8221; scroll_fade=&#8221;0|100|100|100|0|100|100&#8243; global_colors_info=&#8221;{}&#8221;]<\/p>\n<h2><a href=\"https:\/\/talentooculto.org\/cat\/sandra-estiarte-entrevista\/\">Sandra Estiarte<\/a><\/h2>\n<p>[\/et_pb_text][et_pb_text _builder_version=&#8221;4.27.4&#8243; _module_preset=&#8221;default&#8221; text_font=&#8221;Inter||||||||&#8221; text_text_color=&#8221;#FFFFFF&#8221; min_height=&#8221;63.2px&#8221; overflow-x=&#8221;hidden&#8221; overflow-y=&#8221;hidden&#8221; animation_style=&#8221;zoom&#8221; scroll_fade_enable=&#8221;on&#8221; scroll_fade=&#8221;0|100|100|100|0|100|100&#8243; hover_enabled=&#8221;0&#8243; global_colors_info=&#8221;{}&#8221; sticky_enabled=&#8221;0&#8243;]<\/p>\n<div id=\"docs-editor-container\" dir=\"ltr\">\n<div id=\"docs-editor\" class=\"\">\n<div id=\"waffle-grid-container\" dir=\"ltr\">\n<div id=\"1595267127-grid-container\" class=\"grid-container\" dir=\"ltr\">\n<div id=\"1595267127-grid-table-container\">\n<div class=\"grid-table-container\">\n<div class=\"grid-scrollable-wrapper\" id=\"1595267127-scrollable\">\n<div class=\"goog-inline-block grid4-inner-container\">\n<div id=\"scrollable_right_0\" class=\"uberlay\">\n<div class=\"overlay-container-ltr\">\n<div>\n<div class=\"cell-input editable disabled-input\" role=\"combobox\" id=\"waffle-rich-text-editor\" dir=\"ltr\" aria-label=\"P2\"><span>&#8220;Va cuidar de les persones i dels projectes com si fossin seus.&#8221;<\/span><\/div>\n<\/div>\n<\/div>\n<\/div>\n<\/div>\n<\/div>\n<\/div>\n<\/div>\n<\/div>\n<\/div>\n<\/div>\n<\/div>\n<p>[\/et_pb_text][\/et_pb_column][et_pb_column type=&#8221;1_3&#8243; _builder_version=&#8221;4.25.1&#8243; _module_preset=&#8221;default&#8221; global_colors_info=&#8221;{}&#8221;][et_pb_image src=&#8221;https:\/\/talentooculto.org\/cat\/wp-content\/uploads\/sites\/4\/2025\/10\/Dunia-Rosello.png&#8221; title_text=&#8221;Dunia Rosello&#8221; url=&#8221;https:\/\/talentooculto.org\/cat\/dunia-rosello-entrevista\/&#8221; _builder_version=&#8221;4.27.4&#8243; _module_preset=&#8221;default&#8221; filter_opacity=&#8221;35%&#8221; mix_blend_mode=&#8221;hue&#8221; border_radii=&#8221;on|30px|30px|30px|30px&#8221; global_colors_info=&#8221;{}&#8221;][\/et_pb_image][et_pb_text _builder_version=&#8221;4.27.4&#8243; _module_preset=&#8221;default&#8221; text_font=&#8221;Inter||||||||&#8221; text_text_color=&#8221;#FFFFFF&#8221; header_2_font=&#8221;Inter|||on|||||&#8221; header_2_text_color=&#8221;#FFFFFF&#8221; header_3_font=&#8221;Inter|||on|||||&#8221; header_3_text_color=&#8221;#FFFFFF&#8221; min_height=&#8221;37px&#8221; overflow-x=&#8221;hidden&#8221; overflow-y=&#8221;hidden&#8221; custom_margin=&#8221;||-3px|||&#8221; custom_padding=&#8221;||1px|||&#8221; animation_style=&#8221;zoom&#8221; scroll_fade_enable=&#8221;on&#8221; scroll_fade=&#8221;0|100|100|100|0|100|100&#8243; global_colors_info=&#8221;{}&#8221;]<\/p>\n<h2><a href=\"https:\/\/talentooculto.org\/cat\/dunia-rosello-entrevista\/\">Dunia Rosell\u00f3<\/a><\/h2>\n<p>[\/et_pb_text][et_pb_text _builder_version=&#8221;4.27.4&#8243; _module_preset=&#8221;default&#8221; text_font=&#8221;Inter||||||||&#8221; text_text_color=&#8221;#FFFFFF&#8221; min_height=&#8221;49.2px&#8221; overflow-x=&#8221;hidden&#8221; overflow-y=&#8221;hidden&#8221; animation_style=&#8221;zoom&#8221; scroll_fade_enable=&#8221;on&#8221; scroll_fade=&#8221;0|100|100|100|0|100|100&#8243; hover_enabled=&#8221;0&#8243; global_colors_info=&#8221;{}&#8221; sticky_enabled=&#8221;0&#8243;]<\/p>\n<div id=\"docs-editor-container\" dir=\"ltr\">\n<div id=\"docs-editor\" class=\"\">\n<div id=\"waffle-grid-container\" dir=\"ltr\">\n<div id=\"1595267127-grid-container\" class=\"grid-container\" dir=\"ltr\">\n<div id=\"1595267127-grid-table-container\">\n<div class=\"grid-table-container\">\n<div class=\"grid-scrollable-wrapper\" id=\"1595267127-scrollable\">\n<div class=\"goog-inline-block grid4-inner-container\">\n<div id=\"scrollable_right_0\" class=\"uberlay\">\n<div class=\"overlay-container-ltr\">\n<div>\n<div class=\"cell-input editable disabled-input\" role=\"combobox\" id=\"waffle-rich-text-editor\" dir=\"ltr\" aria-label=\"P2\"><span>&#8220;Sempre va estar on i quan la vaig necessitar\u201d.<\/span><\/div>\n<\/div>\n<\/div>\n<\/div>\n<\/div>\n<\/div>\n<\/div>\n<\/div>\n<\/div>\n<\/div>\n<\/div>\n<\/div>\n<p>[\/et_pb_text][\/et_pb_column][et_pb_column type=&#8221;1_3&#8243; _builder_version=&#8221;4.25.1&#8243; _module_preset=&#8221;default&#8221; global_colors_info=&#8221;{}&#8221;][et_pb_image src=&#8221;https:\/\/talentooculto.org\/cat\/wp-content\/uploads\/sites\/4\/2025\/10\/Maite-Esteve.png&#8221; title_text=&#8221;Maite Esteve&#8221; url=&#8221;https:\/\/talentooculto.org\/cat\/maite-esteve-entrevista\/&#8221; _builder_version=&#8221;4.27.4&#8243; _module_preset=&#8221;default&#8221; filter_opacity=&#8221;35%&#8221; mix_blend_mode=&#8221;hue&#8221; border_radii=&#8221;on|30px|30px|30px|30px&#8221; global_colors_info=&#8221;{}&#8221;][\/et_pb_image][et_pb_text _builder_version=&#8221;4.27.4&#8243; _module_preset=&#8221;default&#8221; text_font=&#8221;Inter||||||||&#8221; text_text_color=&#8221;#FFFFFF&#8221; header_2_font=&#8221;Inter|||on|||||&#8221; header_2_text_color=&#8221;#FFFFFF&#8221; header_3_font=&#8221;Inter|||on|||||&#8221; header_3_text_color=&#8221;#FFFFFF&#8221; min_height=&#8221;37px&#8221; overflow-x=&#8221;hidden&#8221; overflow-y=&#8221;hidden&#8221; custom_margin=&#8221;||-3px|||&#8221; custom_padding=&#8221;||1px|||&#8221; animation_style=&#8221;zoom&#8221; scroll_fade_enable=&#8221;on&#8221; scroll_fade=&#8221;0|100|100|100|0|100|100&#8243; global_colors_info=&#8221;{}&#8221;]<\/p>\n<h2><a href=\"https:\/\/talentooculto.org\/cat\/maite-esteve-entrevista\/\">Maite Esteve<\/a><\/h2>\n<p>[\/et_pb_text][et_pb_text _builder_version=&#8221;4.27.4&#8243; _module_preset=&#8221;default&#8221; text_font=&#8221;Inter||||||||&#8221; text_text_color=&#8221;#FFFFFF&#8221; min_height=&#8221;55.2px&#8221; overflow-x=&#8221;hidden&#8221; overflow-y=&#8221;hidden&#8221; animation_style=&#8221;zoom&#8221; scroll_fade_enable=&#8221;on&#8221; scroll_fade=&#8221;0|100|100|100|0|100|100&#8243; hover_enabled=&#8221;0&#8243; global_colors_info=&#8221;{}&#8221; sticky_enabled=&#8221;0&#8243;]<\/p>\n<div id=\"docs-editor-container\" dir=\"ltr\">\n<div id=\"docs-editor\" class=\"\">\n<div id=\"waffle-grid-container\" dir=\"ltr\">\n<div id=\"1595267127-grid-container\" class=\"grid-container\" dir=\"ltr\">\n<div id=\"1595267127-grid-table-container\">\n<div class=\"grid-table-container\">\n<div class=\"grid-scrollable-wrapper\" id=\"1595267127-scrollable\">\n<div class=\"goog-inline-block grid4-inner-container\">\n<div id=\"scrollable_right_0\" class=\"uberlay\">\n<div class=\"overlay-container-ltr\">\n<div class=\"cell-input editable disabled-input\" role=\"combobox\" id=\"waffle-rich-text-editor\" dir=\"ltr\" aria-label=\"P2\">Amb la qual signo molts dels meus e-mails: &#8220;A per m\u00e9s i millor&#8221;\n<\/div>\n<\/div>\n<\/div>\n<\/div>\n<\/div>\n<\/div>\n<\/div>\n<\/div>\n<\/div>\n<\/div>\n<\/div>\n<p>[\/et_pb_text][\/et_pb_column][\/et_pb_row][\/et_pb_section]<\/p>\n","protected":false},"excerpt":{"rendered":"<p>Roser Roca-Toha &#8220;Toca el m\u00f3n i les persones, portant posada nom\u00e9s la senzillesa, autenticitat i passi\u00f3&#8230; i una profunda convicci\u00f3 que la tecnologia obre camins.&#8221; Sandra Estiarte &#8220;Va cuidar de les persones i dels projectes com si fossin seus.&#8221; Dunia Rosell\u00f3 &#8220;Sempre va estar on i quan la vaig necessitar\u201d. Maite Esteve Amb la qual [&hellip;]<\/p>\n","protected":false},"author":2,"featured_media":0,"parent":0,"menu_order":0,"comment_status":"closed","ping_status":"closed","template":"","meta":{"_et_pb_use_builder":"on","_et_pb_old_content":"","_et_gb_content_width":"","footnotes":""},"class_list":["post-321","page","type-page","status-publish","hentry"],"_links":{"self":[{"href":"https:\/\/talentooculto.org\/cat\/wp-json\/wp\/v2\/pages\/321","targetHints":{"allow":["GET"]}}],"collection":[{"href":"https:\/\/talentooculto.org\/cat\/wp-json\/wp\/v2\/pages"}],"about":[{"href":"https:\/\/talentooculto.org\/cat\/wp-json\/wp\/v2\/types\/page"}],"author":[{"embeddable":true,"href":"https:\/\/talentooculto.org\/cat\/wp-json\/wp\/v2\/users\/2"}],"replies":[{"embeddable":true,"href":"https:\/\/talentooculto.org\/cat\/wp-json\/wp\/v2\/comments?post=321"}],"version-history":[{"count":12,"href":"https:\/\/talentooculto.org\/cat\/wp-json\/wp\/v2\/pages\/321\/revisions"}],"predecessor-version":[{"id":496,"href":"https:\/\/talentooculto.org\/cat\/wp-json\/wp\/v2\/pages\/321\/revisions\/496"}],"wp:attachment":[{"href":"https:\/\/talentooculto.org\/cat\/wp-json\/wp\/v2\/media?parent=321"}],"curies":[{"name":"wp","href":"https:\/\/api.w.org\/{rel}","templated":true}]}}