{"id":376,"date":"2025-10-22T09:04:18","date_gmt":"2025-10-22T09:04:18","guid":{"rendered":"https:\/\/talentooculto.org\/cat\/?page_id=376"},"modified":"2025-11-27T16:14:41","modified_gmt":"2025-11-27T16:14:41","slug":"roser-roca-toha-entrevista","status":"publish","type":"page","link":"https:\/\/talentooculto.org\/cat\/roser-roca-toha-entrevista\/","title":{"rendered":"Roser Roca-Toha entrevista"},"content":{"rendered":"<p>[et_pb_section fb_built=&#8221;1&#8243; admin_label=&#8221;Header &#038; Video&#8221; _builder_version=&#8221;4.27.4&#8243; _module_preset=&#8221;991cad8a-0ec0-4260-a226-8e2e24cf5031&#8243; background_color=&#8221;#B63412&#8243; use_background_color_gradient=&#8221;on&#8221; background_color_gradient_stops=&#8221;#b63412 57%|#0a0a0a 78%&#8221; custom_margin=&#8221;||||false|false&#8221; custom_padding=&#8221;|||0px||&#8221; locked=&#8221;off&#8221; collapsed=&#8221;on&#8221; global_colors_info=&#8221;{%22gcid-1f1bf5fb-a99d-4acc-8d9e-ddac074c158c%22:%91%22background_color_gradient_stops%22,%22background_color_gradient_stops%22,%22background_color_gradient_stops%22,%22background_color_gradient_stops%22,%22background_color_gradient_stops%22,%22background_color_gradient_stops%22,%22background_color_gradient_stops%22,%22background_color_gradient_stops%22,%22background_color_gradient_stops%22,%22background_color_gradient_stops%22%93,%22gcid-a78660e1-cfc7-4771-a566-6834d6a7f06a%22:%91%22background_color_gradient_stops%22,%22background_color_gradient_stops%22,%22background_color_gradient_stops%22,%22background_color_gradient_stops%22,%22background_color_gradient_stops%22,%22background_color_gradient_stops%22,%22background_color_gradient_stops%22,%22background_color_gradient_stops%22,%22background_color_gradient_stops%22,%22background_color_gradient_stops%22%93,%22gcid-24b0db87-dafa-47d9-995f-b90181e18c52%22:%91%22background_color_gradient_stops%22,%22background_color_gradient_stops%22,%22background_color_gradient_stops%22,%22background_color_gradient_stops%22,%22background_color_gradient_stops%22,%22background_color_gradient_stops%22,%22background_color_gradient_stops%22,%22background_color_gradient_stops%22,%22background_color_gradient_stops%22,%22background_color_gradient_stops%22%93}&#8221;][et_pb_row column_structure=&#8221;1_2,1_2&#8243; _builder_version=&#8221;4.27.4&#8243; _module_preset=&#8221;default&#8221; custom_margin=&#8221;-17px|auto||auto|false|false&#8221; custom_margin_tablet=&#8221;-17px|auto||auto|false|false&#8221; custom_margin_phone=&#8221;-10px|auto||auto|false|false&#8221; custom_margin_last_edited=&#8221;on|desktop&#8221; custom_padding=&#8221;0px||||false|false&#8221; global_colors_info=&#8221;{}&#8221;][et_pb_column type=&#8221;1_2&#8243; _builder_version=&#8221;4.25.1&#8243; _module_preset=&#8221;default&#8221; global_colors_info=&#8221;{}&#8221;][et_pb_image src=&#8221;https:\/\/talentooculto.org\/cat\/wp-content\/uploads\/sites\/4\/2025\/10\/Roser-Roca-Toha.png&#8221; alt=&#8221;Roser Roca Toha&#8221; title_text=&#8221;Roser Roca-Toha&#8221; align=&#8221;center&#8221; _builder_version=&#8221;4.27.4&#8243; _module_preset=&#8221;default&#8221; height=&#8221;400px&#8221; custom_margin=&#8221;||||false|false&#8221; custom_margin_tablet=&#8221;||||false|false&#8221; custom_margin_phone=&#8221;-6px||||false|false&#8221; custom_margin_last_edited=&#8221;on|phone&#8221; border_radii=&#8221;on|30px|30px|30px|30px&#8221; global_colors_info=&#8221;{}&#8221;][\/et_pb_image][\/et_pb_column][et_pb_column type=&#8221;1_2&#8243; _builder_version=&#8221;4.25.1&#8243; _module_preset=&#8221;default&#8221; global_colors_info=&#8221;{}&#8221;][et_pb_text _builder_version=&#8221;4.27.4&#8243; _module_preset=&#8221;default&#8221; header_3_font=&#8221;Inter||||||||&#8221; header_3_text_align=&#8221;center&#8221; header_3_font_size=&#8221;32px&#8221; custom_margin=&#8221;150px||||false|false&#8221; custom_margin_tablet=&#8221;150px||||false|false&#8221; custom_margin_phone=&#8221;0px||||false|false&#8221; custom_margin_last_edited=&#8221;on|phone&#8221; global_colors_info=&#8221;{}&#8221;]<\/p>\n<h3 class=\"p1\" style=\"text-align: center;\"><strong><span style=\"color: #ffffff;\">Roser Roca-Toha<\/span><\/strong><\/h3>\n<p>[\/et_pb_text][et_pb_text _builder_version=&#8221;4.27.4&#8243; _module_preset=&#8221;default&#8221; header_3_font=&#8221;Inter||||||||&#8221; header_3_text_align=&#8221;center&#8221; header_3_font_size=&#8221;32px&#8221; custom_margin=&#8221;30px||||false|false&#8221; custom_margin_tablet=&#8221;150px||||false|false&#8221; custom_margin_phone=&#8221;0px||||false|false&#8221; custom_margin_last_edited=&#8221;on|phone&#8221; global_colors_info=&#8221;{}&#8221;]<\/p>\n<h3 class=\"p1\" style=\"text-align: center;\"><span style=\"color: #ffffff;\">&#8220;Toca el m\u00f3n i les persones, portant posada nom\u00e9s la senzillesa, autenticitat i passi\u00f3&#8230; i una profunda convicci\u00f3 que la tecnologia obre camins.&#8221;<\/span><\/h3>\n<p>[\/et_pb_text][\/et_pb_column][\/et_pb_row][et_pb_row _builder_version=&#8221;4.27.4&#8243; _module_preset=&#8221;default&#8221; width_tablet=&#8221;&#8221; width_phone=&#8221;90%&#8221; width_last_edited=&#8221;on|phone&#8221; global_colors_info=&#8221;{}&#8221;][et_pb_column type=&#8221;4_4&#8243; _builder_version=&#8221;4.25.1&#8243; _module_preset=&#8221;default&#8221; global_colors_info=&#8221;{}&#8221;][et_pb_text _builder_version=&#8221;4.27.4&#8243; _module_preset=&#8221;55f8d517-4382-4b22-962a-6779a3742dd7&#8243; text_line_height=&#8221;1.4em&#8221; header_line_height=&#8221;0.5em&#8221; header_5_font=&#8221;Inter||||||||&#8221; width=&#8221;100%&#8221; custom_margin=&#8221;|-17px||1px||&#8221; custom_margin_tablet=&#8221;|-17px||1px||&#8221; custom_margin_phone=&#8221;||||false|false&#8221; custom_margin_last_edited=&#8221;on|phone&#8221; custom_padding=&#8221;|0px|||false|false&#8221; hover_enabled=&#8221;0&#8243; sticky_enabled=&#8221;0&#8243;]<\/p>\n<p>La Roser va ser una sorpresa des del primer encontre. Van bastar poques paraules per intuir-hi un lideratge ferm i profundament hum\u00e0: una combinaci\u00f3 poc freq\u00fcent, i encara m\u00e9s dif\u00edcil de sostenir amb tanta coher\u00e8ncia. T\u00e9 les idees clares \u2014clar\u00edssimes\u2014 i una visi\u00f3 estrat\u00e8gica que pensa en gran sense perdre l&#8217;arrelament. Probablement aquest equilibri es degui a la seva traject\u00f2ria multicultural entre els Estats Units, Alemanya i Fran\u00e7a, i al seu comprom\u00eds amb les seves arrels al Pallars, una terra plena de talent que ella s&#8217;encarrega de visibilitzar i reivindicar. La Roser impacta des de la humilitat. La seva pot\u00e8ncia \u00e9s silenciosa per\u00f2 transformadora. No busca protagonisme, per\u00f2 sempre el genera. T\u00e9 la capacitat de donar oportunitats als qui l&#8217;envolten, i ho fa amb generositat, amplitud de mirada i una intel\u00b7lig\u00e8ncia emocional poc comuna. Ent\u00e9n el lideratge que necessita aquesta nova era: un que no nom\u00e9s transforma organitzacions des de dins, sin\u00f3 que tamb\u00e9 genera impacte social real. La Roser \u00e9s el tipus de l\u00edder que fa cr\u00e9ixer les persones, els projectes&#8230; i les possibilitats.<\/p>\n<h5 style=\"text-align: justify;\"><strong>1. Com et defineixes quan ning\u00fa et mira?<\/strong><\/h5>\n<p style=\"text-align: justify;\"><span><\/span>Em defineixo com una xiqueta de l&#8217;\u00e0mbit rural, una friqui de l&#8217;aeroespai, i una apassionada de la meva fam\u00edlia i els meus amics.<\/p>\n<h5 style=\"text-align: justify;\"><strong>2. Quan penses en el teu talent, en all\u00f2 que aportes m\u00e9s enll\u00e0 del rol, en el que et fa \u00fanic\/a, qu\u00e8 diries que \u00e9s?<\/strong><\/h5>\n<p style=\"text-align: justify;\">Veig els buits (gaps) i les oportunitats invisibles en les persones i en el negoci, soc &#8216;pushy&#8217; (amb empenta), perseverant i resilient. Aix\u00f2 em permet &#8216;fill in the gaps&#8217; (omplir els buits): idear, iniciar, crear iniciatives d&#8217;impacte, sempre envoltada de les persones que em complementen i &#8216;who make it count&#8217; (que fan que valgui la pena). Quan evoluciono cap a un nou rol, m&#8217;asseguro que el meu llegat sigui sostenible, i que pugui ser liderat amb impacte per la persona adequada.<br \/>Diuen de mi que soc un referent, que la meva comunicaci\u00f3 inspira i arriba als altres. Encara no ho tinc assumit \ud83d\ude42<\/p>\n<h5 style=\"text-align: justify;\"><strong>3. Quins valors regeixen la teva vida i com es manifesten en el teu dia a dia?<\/strong><\/h5>\n<p style=\"text-align: justify;\">Integritat. Honestitat. Energia. Autenticitat. Vulnerabilitat. Donar suport als altres (Supporting others). Amabilitat (Kindness).<br \/>Soc de les que utilitza l&#8217;eina del feedback per fer d&#8217;aquesta vida un m\u00f3n millor. Des del feedback, toques les persones: Una avaluaci\u00f3 positiva al noi que t&#8217;ha aconsellat sobre unes ulleres de sol. Una abra\u00e7ada a les amigues who showed up when you needed light (que van apar\u00e8ixer quan necessitaves llum). Una xerrada amb alg\u00fa que sense voler ha fet mal a una altra persona, i que acaba amb una abra\u00e7ada. Un feedback complicat a un company que no ha fet una bona feina i que acaba com una xerrada inspiradora.<\/p>\n<h5 style=\"text-align: justify;\"><strong>4. Qu\u00e8 busques en el que fas, professionalment o personalment?<\/strong><\/h5>\n<p style=\"text-align: justify;\">Tocar vides amb la tecnologia. Portar la tecnologia aeroespacial a l\u00edmits desconeguts, disruptius, al servei d&#8217;un m\u00f3n fr\u00e0gil, perqu\u00e8 sigui un m\u00f3n millor. Vulgaritzar la tecnologia i acostar-la sobretot a dones i nenes perqu\u00e8 li aportin la seva pr\u00f2pia perspectiva, potser un toc diferent.<\/p>\n<h5 style=\"text-align: justify;\"><strong>5. Qu\u00e8 t&#8217;enamora, et mou, t&#8217;emociona?<\/strong><\/h5>\n<p style=\"text-align: justify;\">&#8220;M&#8217;emociona una amiga, un company a qui he pogut ajudar. Em mou veure com la tecnologia desenvolupada pel meu equip es converteix en realitat, els seus ulls brillants i paraules apassionades quan l&#8217;expliquen, el somriure, &#8216;nodding&#8217; (assentiment) dels nostres usuaris, clients &#8211; quan confirmen l&#8217;impacte de la tecnologia en la seva missi\u00f3.<\/p>\n<p style=\"text-align: justify;\">M&#8217;enamora una nena quan descobreix que la tecnologia \u00e9s per a ella i somia a fer alguna cosa gran, o petita.&#8221;<\/p>\n<h5 style=\"text-align: justify;\"><strong>6. Qu\u00e8 detestes profundament?<\/strong><strong><\/strong><\/h5>\n<p>El sentiment de veure veus discretes, per\u00f2 rellevants, a les que no se&#8217;ls hi doni espai o veu<\/p>\n<h5 style=\"text-align: justify;\"><strong>7. Qu\u00e8 passa quan et veuen de veritat?<\/strong><\/h5>\n<p style=\"text-align: justify;\">Em pregunten: Per\u00f2 \u00e9s possible arribar alt sent humil? Jo els contesto: qu\u00e8 \u00e9s alt per a tu?<img loading=\"lazy\" decoding=\"async\" src=\"https:\/\/talentooculto.org\/cat\/wp-content\/uploads\/sites\/4\/2025\/10\/IMG-20250806-WA0012-300x200.jpg\" width=\"300\" height=\"200\" alt=\"\" class=\"wp-image-512 alignright size-medium\" \/><\/p>\n<h5 style=\"text-align: justify;\"><strong>8. En quin tipus de decisions t&#8217;agrada ser?<\/strong><\/h5>\n<p style=\"text-align: justify;\">A la vida: En l&#8217;educaci\u00f3 de la meva filla.<br \/>En la meva segona vida: Orientaci\u00f3 professional a qui no sap com avan\u00e7ar.<br \/>A la meva empresa: La nostra visi\u00f3, estrat\u00e8gia i com la materialitzem. Accions (Actions).<\/p>\n<h5 style=\"text-align: justify;\"><strong>9. Quina mena de converses creus que falten a les empreses avui?<\/strong><\/h5>\n<p style=\"text-align: justify;\">&#8220;Com fem de la nostra feina una missi\u00f3 en la qual creiem de veritat.<\/p>\n<p style=\"text-align: justify;\">El m\u00f3n \u00e9s un lloc fr\u00e0gil, complicat i cada vegada m\u00e9s egoista. Com podem utilitzar el nostre temps professional, les nostres decisions, el nostre equip per humanitzar el m\u00f3n i la tecnologia.<\/p>\n<p style=\"text-align: justify;\">Necessitem m\u00e9s cultura del feedback \u2013 aprendre a donar-lo millor i a rebre&#8217;l millor, perqu\u00e8 es converteixi en una eina de millora cont\u00ednua i no de cr\u00edtica. &#8220;<\/p>\n<h5 style=\"text-align: justify;\"><strong>10. Qu\u00e8 \u00e9s alguna cosa valuosa que vas aprendre d&#8217;un frac\u00e0s?<\/strong><\/h5>\n<p style=\"text-align: justify;\">Que els fracassos existeixen per fer-nos forts, aprendre i aixecar-nos.<\/p>\n<p style=\"text-align: justify;\">Si no caus mai, no aprens a enfrontar-te a decisions complicades.<\/p>\n<p style=\"text-align: justify;\">S\u00f3n les decisions complicades les que canvien el m\u00f3n i les persones.<\/p>\n<h5 style=\"text-align: justify;\"><strong>11. Com saps que has aportat valor en un projecte o en una relaci\u00f3 professional?<br \/><\/strong><\/h5>\n<p style=\"text-align: justify;\">Pel grau dels somriures al meu voltant. El llenguatge no verbal \u00e9s el millor revelador.<\/p>\n<h5 style=\"text-align: justify;\"><strong>12. Si haguessis de triar una frase famosa que et representi, quina seria?<\/strong><\/h5>\n<p style=\"text-align: justify;\">Quan facis alguna cosa fant\u00e0stica a la teva vida, a la feina: emporta&#8217;t alg\u00fa amb tu.<\/p>\n<h5 style=\"text-align: justify;\"><strong>13. Qu\u00e8 t&#8217;agradaria explorar o construir en aquesta etapa de la teva vida?<\/strong><\/h5>\n<p style=\"text-align: justify;\">Tinc tres prioritats: acompanyar la meva filla, fer-la forta, positiva, somiadora i resilient per als descobriments de la seva vida.<br \/>La segona, tornar a la meva terra natal per agrair-li tots els valors que m&#8217;ha donat.<br \/>La tercera, desenvolupar el meu equip, la meva empresa en una nova fase de transformaci\u00f3 i creixement nacional i internacional, amb una forta interacci\u00f3 amb l&#8217;ecosistema local.<\/p>\n<h5 style=\"text-align: justify;\"><strong>14. Si poguessis escriure una frase que alg\u00fa record\u00e9s de tu d&#8217;aqu\u00ed a 10 anys, quina seria?<\/strong><\/h5>\n<p style=\"text-align: justify;\"><strong><\/strong>Toca el m\u00f3n i les persones, portant posada nom\u00e9s la senzillesa, autenticitat i passi\u00f3&#8230; i una profunda convicci\u00f3 que la tecnologia obre camins.<br \/><strong><\/strong><\/p>\n<p>[\/et_pb_text][et_pb_text _builder_version=&#8221;4.27.4&#8243; _module_preset=&#8221;55f8d517-4382-4b22-962a-6779a3742dd7&#8243; text_line_height=&#8221;1.4em&#8221; header_line_height=&#8221;0.5em&#8221; header_5_font=&#8221;Inter||||||||&#8221; width=&#8221;100%&#8221; custom_margin=&#8221;|-17px||1px||&#8221; custom_margin_tablet=&#8221;|-17px||1px||&#8221; custom_margin_phone=&#8221;||||false|false&#8221; custom_margin_last_edited=&#8221;on|phone&#8221; custom_padding=&#8221;|0px|||false|false&#8221;]<\/p>\n<p>La Roser va ser una sorpresa des del primer encontre. Van bastar poques paraules per intuir-hi un lideratge ferm i profundament hum\u00e0: una combinaci\u00f3 poc freq\u00fcent, i encara m\u00e9s dif\u00edcil de sostenir amb tanta coher\u00e8ncia. T\u00e9 les idees clares \u2014clar\u00edssimes\u2014 i una visi\u00f3 estrat\u00e8gica que pensa en gran sense perdre l&#8217;arrelament. Probablement aquest equilibri es degui a la seva traject\u00f2ria multicultural entre els Estats Units, Alemanya i Fran\u00e7a, i al seu comprom\u00eds amb les seves arrels al Pallars, una terra plena de talent que ella s&#8217;encarrega de visibilitzar i reivindicar. La Roser impacta des de la humilitat. La seva pot\u00e8ncia \u00e9s silenciosa per\u00f2 transformadora. No busca protagonisme, per\u00f2 sempre el genera. T\u00e9 la capacitat de donar oportunitats als qui l&#8217;envolten, i ho fa amb generositat, amplitud de mirada i una intel\u00b7lig\u00e8ncia emocional poc comuna. Ent\u00e9n el lideratge que necessita aquesta nova era: un que no nom\u00e9s transforma organitzacions des de dins, sin\u00f3 que tamb\u00e9 genera impacte social real. La Roser \u00e9s el tipus de l\u00edder que fa cr\u00e9ixer les persones, els projectes&#8230; i les possibilitats.<\/p>\n<h5 style=\"text-align: justify;\"><strong>1. Com et defineixes quan ning\u00fa et mira?<\/strong><\/h5>\n<p style=\"text-align: justify;\"><span><\/span>Em defineixo com una xiqueta de l&#8217;\u00e0mbit rural, una friqui de l&#8217;aeroespai, i una apassionada de la meva fam\u00edlia i els meus amics.<\/p>\n<h5 style=\"text-align: justify;\"><strong>2. Quan penses en el teu talent, en all\u00f2 que aportes m\u00e9s enll\u00e0 del rol, en el que et fa \u00fanic\/a, qu\u00e8 diries que \u00e9s?<\/strong><\/h5>\n<p style=\"text-align: justify;\">Veig els buits (gaps) i les oportunitats invisibles en les persones i en el negoci, soc &#8216;pushy&#8217; (amb empenta), perseverant i resilient. Aix\u00f2 em permet &#8216;fill in the gaps&#8217; (omplir els buits): idear, iniciar, crear iniciatives d&#8217;impacte, sempre envoltada de les persones que em complementen i &#8216;who make it count&#8217; (que fan que valgui la pena). Quan evoluciono cap a un nou rol, m&#8217;asseguro que el meu llegat sigui sostenible, i que pugui ser liderat amb impacte per la persona adequada.<br \/>Diuen de mi que soc un referent, que la meva comunicaci\u00f3 inspira i arriba als altres. Encara no ho tinc assumit \ud83d\ude42<\/p>\n<h5 style=\"text-align: justify;\"><strong>3. Quins valors regeixen la teva vida i com es manifesten en el teu dia a dia?<\/strong><\/h5>\n<p style=\"text-align: justify;\">Integritat. Honestitat. Energia. Autenticitat. Vulnerabilitat. Donar suport als altres (Supporting others). Amabilitat (Kindness).<br \/>Soc de les que utilitza l&#8217;eina del feedback per fer d&#8217;aquesta vida un m\u00f3n millor. Des del feedback, toques les persones: Una avaluaci\u00f3 positiva al noi que t&#8217;ha aconsellat sobre unes ulleres de sol. Una abra\u00e7ada a les amigues who showed up when you needed light (que van apar\u00e8ixer quan necessitaves llum). Una xerrada amb alg\u00fa que sense voler ha fet mal a una altra persona, i que acaba amb una abra\u00e7ada. Un feedback complicat a un company que no ha fet una bona feina i que acaba com una xerrada inspiradora.<\/p>\n<h5 style=\"text-align: justify;\"><strong>4. Qu\u00e8 busques en el que fas, professionalment o personalment?<\/strong><\/h5>\n<p style=\"text-align: justify;\">Tocar vides amb la tecnologia. Portar la tecnologia aeroespacial a l\u00edmits desconeguts, disruptius, al servei d&#8217;un m\u00f3n fr\u00e0gil, perqu\u00e8 sigui un m\u00f3n millor. Vulgaritzar la tecnologia i acostar-la sobretot a dones i nenes perqu\u00e8 li aportin la seva pr\u00f2pia perspectiva, potser un toc diferent.<\/p>\n<h5 style=\"text-align: justify;\"><strong>5. Qu\u00e8 t&#8217;enamora, et mou, t&#8217;emociona?<\/strong><\/h5>\n<p style=\"text-align: justify;\">&#8220;M&#8217;emociona una amiga, un company a qui he pogut ajudar. Em mou veure com la tecnologia desenvolupada pel meu equip es converteix en realitat, els seus ulls brillants i paraules apassionades quan l&#8217;expliquen, el somriure, &#8216;nodding&#8217; (assentiment) dels nostres usuaris, clients &#8211; quan confirmen l&#8217;impacte de la tecnologia en la seva missi\u00f3.<\/p>\n<p style=\"text-align: justify;\">M&#8217;enamora una nena quan descobreix que la tecnologia \u00e9s per a ella i somia a fer alguna cosa gran, o petita.&#8221;<\/p>\n<h5 style=\"text-align: justify;\"><strong>6. Qu\u00e8 detestes profundament?<\/strong><strong><\/strong><\/h5>\n<h5 style=\"text-align: justify;\"><strong>7. Qu\u00e8 passa quan et veuen de veritat?<\/strong><\/h5>\n<p style=\"text-align: justify;\">Em pregunten: Per\u00f2 \u00e9s possible arribar alt sent humil? Jo els contesto: qu\u00e8 \u00e9s alt per a tu?<img loading=\"lazy\" decoding=\"async\" src=\"https:\/\/talentooculto.org\/cat\/wp-content\/uploads\/sites\/4\/2025\/10\/IMG-20250806-WA0012-300x200.jpg\" width=\"300\" height=\"200\" alt=\"\" class=\"wp-image-512 alignright size-medium\" \/><\/p>\n<h5 style=\"text-align: justify;\"><strong>8. En quin tipus de decisions t&#8217;agrada ser?<\/strong><\/h5>\n<p style=\"text-align: justify;\">A la vida: En l&#8217;educaci\u00f3 de la meva filla.<br \/>En la meva segona vida: Orientaci\u00f3 professional a qui no sap com avan\u00e7ar.<br \/>A la meva empresa: La nostra visi\u00f3, estrat\u00e8gia i com la materialitzem. Accions (Actions).<\/p>\n<h5 style=\"text-align: justify;\"><strong>9. Quina mena de converses creus que falten a les empreses avui?<\/strong><\/h5>\n<p style=\"text-align: justify;\">&#8220;Com fem de la nostra feina una missi\u00f3 en la qual creiem de veritat.<\/p>\n<p style=\"text-align: justify;\">El m\u00f3n \u00e9s un lloc fr\u00e0gil, complicat i cada vegada m\u00e9s egoista. Com podem utilitzar el nostre temps professional, les nostres decisions, el nostre equip per humanitzar el m\u00f3n i la tecnologia.<\/p>\n<p style=\"text-align: justify;\">Necessitem m\u00e9s cultura del feedback \u2013 aprendre a donar-lo millor i a rebre&#8217;l millor, perqu\u00e8 es converteixi en una eina de millora cont\u00ednua i no de cr\u00edtica. &#8220;<\/p>\n<h5 style=\"text-align: justify;\"><strong>10. Qu\u00e8 \u00e9s alguna cosa valuosa que vas aprendre d&#8217;un frac\u00e0s?<\/strong><\/h5>\n<p style=\"text-align: justify;\">Que els fracassos existeixen per fer-nos forts, aprendre i aixecar-nos.<\/p>\n<p style=\"text-align: justify;\">Si no caus mai, no aprens a enfrontar-te a decisions complicades.<\/p>\n<p style=\"text-align: justify;\">S\u00f3n les decisions complicades les que canvien el m\u00f3n i les persones.<\/p>\n<h5 style=\"text-align: justify;\"><strong>11. Com saps que has aportat valor en un projecte o en una relaci\u00f3 professional?<br \/><\/strong><\/h5>\n<p style=\"text-align: justify;\">Pel grau dels somriures al meu voltant. El llenguatge no verbal \u00e9s el millor revelador.<\/p>\n<h5 style=\"text-align: justify;\"><strong>12. Si haguessis de triar una frase famosa que et representi, quina seria?<\/strong><\/h5>\n<p style=\"text-align: justify;\">Quan facis alguna cosa fant\u00e0stica a la teva vida, a la feina: emporta&#8217;t alg\u00fa amb tu.<\/p>\n<h5 style=\"text-align: justify;\"><strong>13. Qu\u00e8 t&#8217;agradaria explorar o construir en aquesta etapa de la teva vida?<\/strong><\/h5>\n<p style=\"text-align: justify;\">Tinc tres prioritats: acompanyar la meva filla, fer-la forta, positiva, somiadora i resilient per als descobriments de la seva vida.<br \/>La segona, tornar a la meva terra natal per agrair-li tots els valors que m&#8217;ha donat.<br \/>La tercera, desenvolupar el meu equip, la meva empresa en una nova fase de transformaci\u00f3 i creixement nacional i internacional, amb una forta interacci\u00f3 amb l&#8217;ecosistema local.<\/p>\n<h5 style=\"text-align: justify;\"><strong>14. Si poguessis escriure una frase que alg\u00fa record\u00e9s de tu d&#8217;aqu\u00ed a 10 anys, quina seria?<\/strong><\/h5>\n<p style=\"text-align: justify;\"><strong><\/strong>Toca el m\u00f3n i les persones, portant posada nom\u00e9s la senzillesa, autenticitat i passi\u00f3&#8230; i una profunda convicci\u00f3 que la tecnologia obre camins.<br \/><strong><\/strong><\/p>\n<p>[\/et_pb_text][et_pb_button button_url=&#8221;https:\/\/www.linkedin.com\/in\/roser-roca-toha-6982837\/&#8221; button_text=&#8221;PERFIL DE LINKEDIN&#8221; _builder_version=&#8221;4.27.4&#8243; _module_preset=&#8221;default&#8221; custom_button=&#8221;on&#8221; button_text_color=&#8221;#FFFFFF&#8221; button_border_radius=&#8221;30px&#8221; button_font=&#8221;Inter|||on|||||&#8221; button_use_icon=&#8221;off&#8221; global_colors_info=&#8221;{}&#8221;][\/et_pb_button][et_pb_text _builder_version=&#8221;4.27.4&#8243; _module_preset=&#8221;default&#8221; global_colors_info=&#8221;{}&#8221;]<\/p>\n<p><a href=\"https:\/\/www.airbus.com\/en\/products-services\/space\/leading-space-technology-made-in-spain\"><span style=\"color: #ffffff;\">AIRBUS<\/span><\/a><\/p>\n<p>[\/et_pb_text][et_pb_text _builder_version=&#8221;4.27.4&#8243; _module_preset=&#8221;default&#8221; global_colors_info=&#8221;{}&#8221;]<\/p>\n<p><span style=\"color: #ffffff;\"><strong>LIDERATGE | INTERNACIONAL | VISI\u00d3 | TECNOLOGIA<\/strong><\/span><\/p>\n<p>[\/et_pb_text][\/et_pb_column][\/et_pb_row][\/et_pb_section]<\/p>\n","protected":false},"excerpt":{"rendered":"<p>Roser Roca-Toha&#8221;Toca el m\u00f3n i les persones, portant posada nom\u00e9s la senzillesa, autenticitat i passi\u00f3&#8230; i una profunda convicci\u00f3 que la tecnologia obre camins.&#8221;La Roser va ser una sorpresa des del primer encontre. Van bastar poques paraules per intuir-hi un lideratge ferm i profundament hum\u00e0: una combinaci\u00f3 poc freq\u00fcent, i encara m\u00e9s dif\u00edcil de sostenir [&hellip;]<\/p>\n","protected":false},"author":2,"featured_media":0,"parent":0,"menu_order":0,"comment_status":"closed","ping_status":"closed","template":"","meta":{"_et_pb_use_builder":"on","_et_pb_old_content":"","_et_gb_content_width":"","footnotes":""},"class_list":["post-376","page","type-page","status-publish","hentry"],"_links":{"self":[{"href":"https:\/\/talentooculto.org\/cat\/wp-json\/wp\/v2\/pages\/376","targetHints":{"allow":["GET"]}}],"collection":[{"href":"https:\/\/talentooculto.org\/cat\/wp-json\/wp\/v2\/pages"}],"about":[{"href":"https:\/\/talentooculto.org\/cat\/wp-json\/wp\/v2\/types\/page"}],"author":[{"embeddable":true,"href":"https:\/\/talentooculto.org\/cat\/wp-json\/wp\/v2\/users\/2"}],"replies":[{"embeddable":true,"href":"https:\/\/talentooculto.org\/cat\/wp-json\/wp\/v2\/comments?post=376"}],"version-history":[{"count":9,"href":"https:\/\/talentooculto.org\/cat\/wp-json\/wp\/v2\/pages\/376\/revisions"}],"predecessor-version":[{"id":547,"href":"https:\/\/talentooculto.org\/cat\/wp-json\/wp\/v2\/pages\/376\/revisions\/547"}],"wp:attachment":[{"href":"https:\/\/talentooculto.org\/cat\/wp-json\/wp\/v2\/media?parent=376"}],"curies":[{"name":"wp","href":"https:\/\/api.w.org\/{rel}","templated":true}]}}