{"id":378,"date":"2025-10-22T09:23:16","date_gmt":"2025-10-22T09:23:16","guid":{"rendered":"https:\/\/talentooculto.org\/cat\/?page_id=378"},"modified":"2025-11-27T16:34:27","modified_gmt":"2025-11-27T16:34:27","slug":"sandra-estiarte-entrevista","status":"publish","type":"page","link":"https:\/\/talentooculto.org\/cat\/sandra-estiarte-entrevista\/","title":{"rendered":"Sandra Estiarte entrevista"},"content":{"rendered":"<p>[et_pb_section fb_built=&#8221;1&#8243; admin_label=&#8221;Header &#038; Video&#8221; _builder_version=&#8221;4.27.4&#8243; _module_preset=&#8221;991cad8a-0ec0-4260-a226-8e2e24cf5031&#8243; background_color=&#8221;#B63412&#8243; use_background_color_gradient=&#8221;on&#8221; background_color_gradient_stops=&#8221;#b63412 57%|#0a0a0a 78%&#8221; custom_margin=&#8221;||||false|false&#8221; custom_padding=&#8221;|||0px||&#8221; locked=&#8221;off&#8221; collapsed=&#8221;on&#8221; global_colors_info=&#8221;{%22gcid-1f1bf5fb-a99d-4acc-8d9e-ddac074c158c%22:%91%22background_color_gradient_stops%22,%22background_color_gradient_stops%22,%22background_color_gradient_stops%22,%22background_color_gradient_stops%22,%22background_color_gradient_stops%22,%22background_color_gradient_stops%22,%22background_color_gradient_stops%22,%22background_color_gradient_stops%22,%22background_color_gradient_stops%22,%22background_color_gradient_stops%22%93,%22gcid-a78660e1-cfc7-4771-a566-6834d6a7f06a%22:%91%22background_color_gradient_stops%22,%22background_color_gradient_stops%22,%22background_color_gradient_stops%22,%22background_color_gradient_stops%22,%22background_color_gradient_stops%22,%22background_color_gradient_stops%22,%22background_color_gradient_stops%22,%22background_color_gradient_stops%22,%22background_color_gradient_stops%22,%22background_color_gradient_stops%22%93,%22gcid-24b0db87-dafa-47d9-995f-b90181e18c52%22:%91%22background_color_gradient_stops%22,%22background_color_gradient_stops%22,%22background_color_gradient_stops%22,%22background_color_gradient_stops%22,%22background_color_gradient_stops%22,%22background_color_gradient_stops%22,%22background_color_gradient_stops%22,%22background_color_gradient_stops%22,%22background_color_gradient_stops%22,%22background_color_gradient_stops%22%93}&#8221;][et_pb_row column_structure=&#8221;1_2,1_2&#8243; _builder_version=&#8221;4.27.4&#8243; _module_preset=&#8221;default&#8221; custom_margin=&#8221;-17px|auto||auto|false|false&#8221; custom_margin_tablet=&#8221;-17px|auto||auto|false|false&#8221; custom_margin_phone=&#8221;-10px|auto||auto|false|false&#8221; custom_margin_last_edited=&#8221;on|desktop&#8221; custom_padding=&#8221;0px||||false|false&#8221; global_colors_info=&#8221;{}&#8221;][et_pb_column type=&#8221;1_2&#8243; _builder_version=&#8221;4.25.1&#8243; _module_preset=&#8221;default&#8221; global_colors_info=&#8221;{}&#8221;][et_pb_image src=&#8221;https:\/\/talentooculto.org\/cat\/wp-content\/uploads\/sites\/4\/2025\/10\/4.png&#8221; title_text=&#8221;4&#8243; align=&#8221;center&#8221; _builder_version=&#8221;4.27.4&#8243; _module_preset=&#8221;default&#8221; height=&#8221;400px&#8221; custom_margin=&#8221;||||false|false&#8221; custom_margin_tablet=&#8221;||||false|false&#8221; custom_margin_phone=&#8221;-6px||||false|false&#8221; custom_margin_last_edited=&#8221;on|phone&#8221; border_radii=&#8221;on|30px|30px|30px|30px&#8221; global_colors_info=&#8221;{}&#8221;][\/et_pb_image][\/et_pb_column][et_pb_column type=&#8221;1_2&#8243; _builder_version=&#8221;4.25.1&#8243; _module_preset=&#8221;default&#8221; global_colors_info=&#8221;{}&#8221;][et_pb_text _builder_version=&#8221;4.27.4&#8243; _module_preset=&#8221;default&#8221; header_3_font=&#8221;Inter||||||||&#8221; header_3_text_align=&#8221;center&#8221; header_3_font_size=&#8221;32px&#8221; custom_margin=&#8221;150px||||false|false&#8221; custom_margin_tablet=&#8221;150px||||false|false&#8221; custom_margin_phone=&#8221;0px||||false|false&#8221; custom_margin_last_edited=&#8221;on|phone&#8221; global_colors_info=&#8221;{}&#8221;]<\/p>\n<h3 class=\"p1\" style=\"text-align: center;\"><strong><span style=\"color: #ffffff;\">Sandra Estiarte<\/span><\/strong><\/h3>\n<p>[\/et_pb_text][et_pb_text _builder_version=&#8221;4.27.4&#8243; _module_preset=&#8221;default&#8221; header_3_font=&#8221;Inter||||||||&#8221; header_3_text_align=&#8221;center&#8221; header_3_font_size=&#8221;32px&#8221; custom_margin=&#8221;29px||||false|false&#8221; custom_margin_tablet=&#8221;150px||||false|false&#8221; custom_margin_phone=&#8221;0px||||false|false&#8221; custom_margin_last_edited=&#8221;on|phone&#8221; global_colors_info=&#8221;{}&#8221;]<\/p>\n<h3 class=\"p1\" style=\"text-align: center;\"><span style=\"color: #ffffff;\">&#8220;Va cuidar de les persones i dels projectes com si fossin seus.&#8221;<\/span><\/h3>\n<p>[\/et_pb_text][\/et_pb_column][\/et_pb_row][et_pb_row _builder_version=&#8221;4.27.4&#8243; _module_preset=&#8221;default&#8221; width_tablet=&#8221;&#8221; width_phone=&#8221;90%&#8221; width_last_edited=&#8221;on|phone&#8221; global_colors_info=&#8221;{}&#8221;][et_pb_column type=&#8221;4_4&#8243; _builder_version=&#8221;4.25.1&#8243; _module_preset=&#8221;default&#8221; global_colors_info=&#8221;{}&#8221;][et_pb_text _builder_version=&#8221;4.27.4&#8243; _module_preset=&#8221;55f8d517-4382-4b22-962a-6779a3742dd7&#8243; text_line_height=&#8221;1.4em&#8221; header_line_height=&#8221;0.5em&#8221; header_5_font=&#8221;Inter||||||||&#8221; width=&#8221;100%&#8221; custom_margin=&#8221;|-17px||1px||&#8221; custom_margin_tablet=&#8221;|-17px||1px||&#8221; custom_margin_phone=&#8221;||||false|false&#8221; custom_margin_last_edited=&#8221;on|phone&#8221; custom_padding=&#8221;|0px|||false|false&#8221; global_colors_info=&#8221;{}&#8221;]La Sandra \u00e9s calma. \u00c9s pau. I \u00e9s estrat\u00e8gia amb un somriure. T\u00e9 aquell estrany do de fer que les coses passin sense al\u00e7ar la veu, sense pressionar, sense imposar-se. Perqu\u00e8 la Sandra no ven: creu. Creu en el que ofereix, creu en les persones, creu en les solucions que proposa, i per aix\u00f2 connecta, conven\u00e7 i transforma. T\u00e9 una intu\u00efci\u00f3 extraordin\u00e0ria. \u00c9s capa\u00e7 d&#8217;entendre el que necessites fins i tot quan tu encara no ho has verbalitzat. Hi veu m\u00e9s enll\u00e0 de l&#8217;evident, i des d&#8217;all\u00e0 actua, amb senzillesa i autenticitat. Per a la Sandra, res no cal complicar-se m\u00e9s del compte. L&#8217;essencial, ben fet i amb sentit, n&#8217;hi ha prou. No busca el focus. De fet, fuig del protagonisme, perqu\u00e8 el seu talent \u00e9s donar espai als altres, a crear entorns on les coses passin. I tanmateix, el seu impacte es nota. Ara b\u00e9, que ning\u00fa s&#8217;equivoqui amb el seu to ser\u00e8: quan la Sandra vol alguna cosa, va a buscar-la. Per\u00f2 ho fa amb una eleg\u00e0ncia tan subtil, amb una determinaci\u00f3 tan fina, que gaireb\u00e9 ni ho veus a venir\u2026 fins que ja ha passat, i tot ha millorat. La Sandra \u00e9s d&#8217;aquelles persones que et canvia sense fer soroll. I aix\u00f2, en un m\u00f3n de crits, \u00e9s poder.<\/p>\n<h5><strong>1. Com et defineixes quan ning\u00fa et mira?<\/strong><\/h5>\n<p><span data-sheets-root=\"1\">Si miro cap endins, em veig com una dona calmada i reflexiva, a qui li agrada observar i parar atenci\u00f3 a tot el que l&#8217;envolta. Estimo escoltar i comprendre, i, sobretot, valoro en plenitud el verb cuidar. M&#8217;agrada cuidar les persones, comen\u00e7ant per mi mateixa. <\/span><\/p>\n<p>Soc positiva per naturalesa, per\u00f2 no ing\u00e8nua. L&#8217;autoexig\u00e8ncia m&#8217;acompanya des de petita, i la curiositat per aprendre i seguir creixent mai m&#8217;abandona. Tinc fe en les persones i en la seva bona feina. Defenso que, sense por, cal apartar all\u00f2 \u2014o a qui\u2014 no ens aporta, sense por del qu\u00e8 diran. Crec que amb respecte i educaci\u00f3 s&#8217;avan\u00e7a, s&#8217;evoluciona.<\/p>\n<p>Per\u00f2, per damunt de tot, la meva prioritat \u00e9s cuidar la meva fam\u00edlia, els meus amics i a totes aquelles persones que, amb els anys, tinc el privilegi de mantenir a prop. Perqu\u00e8 la vida tamb\u00e9 va d&#8217;escollir amb qui volem envoltar-nos, i aix\u00f2, en el fons, defineix millor que res qui soc.<\/p>\n<h5><strong>2. Quan penses en el teu talent, en all\u00f2 que aportes m\u00e9s enll\u00e0 del rol, en el que et fa \u00fanic\/a, qu\u00e8 diries que \u00e9s?<\/strong><\/h5>\n<p><span data-sheets-root=\"1\">Crec que el meu talent \u00e9s a generar confian\u00e7a i crear un entorn on les persones se sentin escoltades, cuidades i motivades per donar el millor de si mateixes. M\u00e9s enll\u00e0 del meu rol, aporto visi\u00f3 global i serenitat per prendre decisions, per\u00f2 tamb\u00e9 la determinaci\u00f3 necess\u00e0ria perqu\u00e8 les coses succeeixin. M&#8217;agrada connectar idees i persones, trobar solucions simples a problemes complexos i, sobretot, fer-ho sempre des del respecte i l&#8217;autenticitat.<\/span><\/p>\n<h5><strong>3. Quins valors regeixen la teva vida i com es manifesten en el teu dia a dia?<\/strong><\/h5>\n<p>Els valors que regeixen la meva vida s\u00f3n el respecte, l&#8217;honestedat, la responsabilitat i l&#8217;excel\u00b7l\u00e8ncia. El respecte es tradueix en escoltar activament, valorar la diversitat d&#8217;opinions i construir relacions basades en la confian\u00e7a m\u00fatua. L&#8217;honestedat guia cadascuna de les meves decisions, assegurant coher\u00e8ncia entre el que penso, dic i faig. La responsabilitat es manifesta en el meu comprom\u00eds amb els resultats i en la cura dels recursos. I l&#8217;excel\u00b7l\u00e8ncia m&#8217;impulsa a buscar sempre la millor versi\u00f3 de cada projecte i de mi mateixa, mantenint la curiositat i l&#8217;aprenentatge continu com a motor de creixement.<\/p>\n<h5><strong>4. Qu\u00e8 busques en el que fas, professionalment o personalment?<\/strong><\/h5>\n<p>Per a mi \u00e9s clau que el que faig estigui alineat amb els meus valors i contribueixi a millorar, encara que sigui una mica, la vida de les persones i l&#8217;entorn que m&#8217;envolta, tant en l&#8217;\u00e0mbit professional com personal. Busco aportar valor real. En l&#8217;\u00e0mbit professional, el meu objectiu \u00e9s crear entorns on les idees es converteixin en resultats tangibles i sostenibles; en el personal, trobar sentit a cada pas, aprenent i evolucionant de forma constant. En ambd\u00f3s casos, necessito que el que faig estigui alineat amb els meus valors i que, d&#8217;alguna manera, contribueixi a millorar la vida de les persones i l&#8217;entorn que m&#8217;envolta.\u201d<\/p>\n<h5><strong>5. Qu\u00e8 t&#8217;enamora, et mou, t&#8217;emociona?<\/strong><\/h5>\n<p>Les persones i les seves hist\u00f2ries&#8230; tothom en t\u00e9 una, o m\u00e9s d&#8217;una. Gr\u00e0cies a la meva feina, visc envoltada de relats de superaci\u00f3 i de realitats de les quals poc es parla a les not\u00edcies. Aquest contacte directe, aquesta autenticitat sense filtres, \u00e9s el que m&#8217;inspira i em connecta profundament amb l&#8217;\u00e9sser hum\u00e0. Al final, el que em mou s\u00f3n aix\u00f2: les hist\u00f2ries.<strong><\/strong><\/p>\n<h5><strong>6. Qu\u00e8 detestes profundament?<\/strong><\/h5>\n<p>Detesto profundament la manca de respecte, la deshonestedat i la incoher\u00e8ncia. M&#8217;incomoda especialment quan les persones actuen sense considerar l&#8217;impacte que les seves decisions tenen sobre els altres o sobre l&#8217;entorn. Tamb\u00e9 m&#8217;allunya la manca de comprom\u00eds, perqu\u00e8 crec que la paraula donada i la responsabilitat assumida s\u00f3n pilars essencials per a qualsevol relaci\u00f3, ja sigui professional o personal. I per \u00faltim, detesto profundament tot all\u00f2 que resulta in\u00fatil, innecessari, n&#8217;hi ha molt.<img loading=\"lazy\" decoding=\"async\" src=\"https:\/\/talentooculto.org\/cat\/wp-content\/uploads\/sites\/4\/2025\/10\/DSC9220-Sandra-Estiarte-1-234x300.jpg\" width=\"234\" height=\"300\" alt=\"\" class=\"wp-image-515 alignright size-medium\" \/><\/p>\n<h5><strong>7. Qu\u00e8 passa quan et veuen de veritat?<\/strong><\/h5>\n<p>Vull pensar que quan em veuen de veritat, descobreixen una persona serena per\u00f2 determinada, que escolta i observa abans d&#8217;actuar. Veuen alg\u00fa que cuida, que s&#8217;implica i que creu en el que fa i en les persones amb les quals treballa. I, potser, perceben que darrere de la calma hi ha una gran determinaci\u00f3 perqu\u00e8 les coses succeeixin, sempre des del respecte, la coher\u00e8ncia i l&#8217;autenticitat.<\/p>\n<h5><strong>8. En quin tipus de decisions t&#8217;agrada ser?<\/strong><\/h5>\n<p>M&#8217;agrada ser en totes aquelles decisions en les quals realment puc aportar, especialment quan no es tracta nom\u00e9s d&#8217;una soluci\u00f3 a curt termini, sin\u00f3 de contribuir al fet que alguna cosa sigui sostenible a llarg termini. Valoro participar en decisions que impulsin el creixement, fomentin la col\u00b7laboraci\u00f3 i estiguin alineades amb els valors i objectius del projecte o l&#8217;organitzaci\u00f3, sempre amb un enfocament pr\u00e0ctic i orientat a resultats.<\/p>\n<h5><strong>9. Quina mena de converses creus que falten a les empreses avui?<\/strong><\/h5>\n<p>Les que resulten inc\u00f2modes. M&#8217;agraden les decisions que resulten inc\u00f2modes. Crec que \u00e9s necessari aprendre a incomodar per obrir espai a solucions, conceptes i decisions que aportin veritable valor despr\u00e9s d&#8217;aquell moment. No es tracta de por, sin\u00f3 de coresponsabilitat i d&#8217;entendre que, moltes vegades, les millors respostes sorgeixen d&#8217;afrontar i gestionar aquestes situacions inc\u00f2modes amb criteri i obertura.<\/p>\n<h5><strong>10. Qu\u00e8 \u00e9s alguna cosa valuosa que vas aprendre d&#8217;un frac\u00e0s?<\/strong><\/h5>\n<p>Crec que el frac\u00e0s \u00e9s necessari, tant en el terreny professional com en el personal. Encara que en el moment pugui semblar que un no tornar\u00e0 a aixecar-se, la capacitat de l&#8217;\u00e9sser hum\u00e0 per superar-se, acceptar i afrontar \u00e9s infinita. Molts preferirien estalviar-s&#8217;ho, i no es tracta de normalitzar el frac\u00e0s, per\u00f2 s\u00ed de parlar-ne m\u00e9s. Perqu\u00e8 sempre hi haur\u00e0 alg\u00fa que, encara que sigui en silenci, ho agrair\u00e0 en adonar-se que no \u00e9s l&#8217;\u00fanic. Al final, tot frac\u00e0s porta impl\u00edcit un aprenentatge que, ben aprofitat, ens impulsa a cr\u00e9ixer.<\/p>\n<h5><strong>11. Com saps que has aportat valor en un projecte o en una relaci\u00f3 professional?<\/strong><\/h5>\n<p>S\u00e9 que he aportat valor quan estic satisfeta amb la meva implicaci\u00f3 i s\u00e9 que he estat coherent amb els meus valors i el meu esfor\u00e7. Tamb\u00e9 quan m&#8217;agraeixen haver-los escoltat de veritat, perqu\u00e8 per a mi ser escoltada \u00e9s el primer pas perqu\u00e8 les coses canvi\u00efn. Al final, el valor es mesura en impacte real i en relacions que romanen en el temps.<\/p>\n<h5><strong>12. Si haguessis de triar una frase famosa que et representi, quina seria?<\/strong><\/h5>\n<p>Avui \u00e9s el millor dia \/ Hoy es el mejor d\u00eda. \u00c9s la frase del meu amic Ilde Oliveras, malalt d&#8217;ELA. Ell va crear aquest lema, aquestes paraules plenes de for\u00e7a i d&#8217;afecte, que abracen la vida fins i tot quan aquesta es mostra injusta. Un recordatori constant que cada dia, per dif\u00edcil que sigui, mereix ser viscut plenament.<\/p>\n<h5><strong>13. Qu\u00e8 t&#8217;agradaria explorar o construir en aquesta etapa de la teva vida?<\/strong><\/h5>\n<p>En aquesta etapa professional de la meva vida vull seguir construint projectes que generin un impacte social real i durador. Em motiva especialment aportar al fet que el tercer sector sigui m\u00e9s entenedor, reconegut i respectat, contribuint a la seva professionalitzaci\u00f3 des de la meva experi\u00e8ncia i comprom\u00eds. Aspiro a combinar creativitat, estrat\u00e8gia i gesti\u00f3 perqu\u00e8 les iniciatives no nom\u00e9s transformin vides, sin\u00f3 que tamb\u00e9 siguin sostenibles en el temps. I, en aquest cam\u00ed, desitjo envoltar-me de persones que comparteixin aquesta visi\u00f3 i que sumin talent per multiplicar resultats.<\/p>\n<p>En el terreny personal, el meu major desig \u00e9s que res no canvi\u00ef: que la felicitat i l&#8217;amor que omple la nostra llar es mantingui sempre, fruit de la uni\u00f3 i la complicitat de tots els que l&#8217;habitem.<\/p>\n<h5><strong>14. Si poguessis escriure una frase que alg\u00fa record\u00e9s de tu d&#8217;aqu\u00ed a 10 anys, quina seria?<\/strong><\/h5>\n<p>Va cuidar de les persones i dels projectes com si fossin seus.[\/et_pb_text][et_pb_button button_url=&#8221;https:\/\/www.linkedin.com\/in\/sandra-estiarte\/&#8221; button_text=&#8221;PERFIL DE LINKEDIN&#8221; _builder_version=&#8221;4.27.4&#8243; _module_preset=&#8221;default&#8221; custom_button=&#8221;on&#8221; button_text_color=&#8221;#FFFFFF&#8221; button_border_radius=&#8221;30px&#8221; button_font=&#8221;Inter|||on|||||&#8221; button_use_icon=&#8221;off&#8221; global_colors_info=&#8221;{}&#8221;][\/et_pb_button][et_pb_text _builder_version=&#8221;4.27.4&#8243; _module_preset=&#8221;default&#8221; hover_enabled=&#8221;0&#8243; global_colors_info=&#8221;{}&#8221; custom_padding=&#8221;0px|||||&#8221; sticky_enabled=&#8221;0&#8243;]<\/p>\n<p><a href=\"https:\/\/www.pidfoundationbcn.org\/\"><span style=\"color: #ffffff;\">Pid Foundation Bcn<\/span><\/a><\/p>\n<p>[\/et_pb_text][et_pb_text _builder_version=&#8221;4.27.4&#8243; _module_preset=&#8221;default&#8221; hover_enabled=&#8221;0&#8243; global_colors_info=&#8221;{}&#8221; sticky_enabled=&#8221;0&#8243;]<\/p>\n<p><span style=\"color: #ffffff;\"><strong>Marketing | Comunicaci\u00f3 | Prop\u00f2sit | Estrat\u00e8gia<\/strong><\/span><\/p>\n<p>[\/et_pb_text][\/et_pb_column][\/et_pb_row][\/et_pb_section]<\/p>\n","protected":false},"excerpt":{"rendered":"<p>Sandra Estiarte&#8221;Va cuidar de les persones i dels projectes com si fossin seus.&#8221;La Sandra \u00e9s calma. \u00c9s pau. I \u00e9s estrat\u00e8gia amb un somriure. T\u00e9 aquell estrany do de fer que les coses passin sense al\u00e7ar la veu, sense pressionar, sense imposar-se. Perqu\u00e8 la Sandra no ven: creu. Creu en el que ofereix, creu en [&hellip;]<\/p>\n","protected":false},"author":2,"featured_media":0,"parent":0,"menu_order":0,"comment_status":"closed","ping_status":"closed","template":"","meta":{"_et_pb_use_builder":"on","_et_pb_old_content":"","_et_gb_content_width":"","footnotes":""},"class_list":["post-378","page","type-page","status-publish","hentry"],"_links":{"self":[{"href":"https:\/\/talentooculto.org\/cat\/wp-json\/wp\/v2\/pages\/378","targetHints":{"allow":["GET"]}}],"collection":[{"href":"https:\/\/talentooculto.org\/cat\/wp-json\/wp\/v2\/pages"}],"about":[{"href":"https:\/\/talentooculto.org\/cat\/wp-json\/wp\/v2\/types\/page"}],"author":[{"embeddable":true,"href":"https:\/\/talentooculto.org\/cat\/wp-json\/wp\/v2\/users\/2"}],"replies":[{"embeddable":true,"href":"https:\/\/talentooculto.org\/cat\/wp-json\/wp\/v2\/comments?post=378"}],"version-history":[{"count":9,"href":"https:\/\/talentooculto.org\/cat\/wp-json\/wp\/v2\/pages\/378\/revisions"}],"predecessor-version":[{"id":549,"href":"https:\/\/talentooculto.org\/cat\/wp-json\/wp\/v2\/pages\/378\/revisions\/549"}],"wp:attachment":[{"href":"https:\/\/talentooculto.org\/cat\/wp-json\/wp\/v2\/media?parent=378"}],"curies":[{"name":"wp","href":"https:\/\/api.w.org\/{rel}","templated":true}]}}