{"id":59,"date":"2025-10-13T10:52:14","date_gmt":"2025-10-13T10:52:14","guid":{"rendered":"https:\/\/talentooculto.org\/cat\/?page_id=59"},"modified":"2025-12-12T15:44:11","modified_gmt":"2025-12-12T15:44:11","slug":"sobre-nosotres","status":"publish","type":"page","link":"https:\/\/talentooculto.org\/cat\/sobre-nosotres\/","title":{"rendered":"Sobre nosaltres"},"content":{"rendered":"<p>[et_pb_section fb_built=&#8221;1&#8243; admin_label=&#8221;Header &#038; Video&#8221; _builder_version=&#8221;4.27.4&#8243; _module_preset=&#8221;36822532-42c4-44fd-afb3-086782813fd9&#8243; background_color=&#8221;#000000&#8243; custom_margin=&#8221;||||false|false&#8221; custom_margin_tablet=&#8221;||||false|false&#8221; custom_margin_phone=&#8221;||||false|false&#8221; custom_margin_last_edited=&#8221;on|phone&#8221; custom_padding=&#8221;20px||20px||true|false&#8221; locked=&#8221;off&#8221; collapsed=&#8221;on&#8221; global_colors_info=&#8221;{%22gcid-1f1bf5fb-a99d-4acc-8d9e-ddac074c158c%22:%91%22background_color_gradient_stops%22,%22background_color_gradient_stops%22%93,%22gcid-a78660e1-cfc7-4771-a566-6834d6a7f06a%22:%91%22background_color_gradient_stops%22,%22background_color_gradient_stops%22%93,%22gcid-24b0db87-dafa-47d9-995f-b90181e18c52%22:%91%22background_color_gradient_stops%22,%22background_color_gradient_stops%22%93}&#8221;][et_pb_row _builder_version=&#8221;4.25.1&#8243; _module_preset=&#8221;default&#8221; global_colors_info=&#8221;{}&#8221;][et_pb_column type=&#8221;4_4&#8243; _builder_version=&#8221;4.25.1&#8243; _module_preset=&#8221;default&#8221; global_colors_info=&#8221;{}&#8221;][et_pb_heading title=&#8221;SOBRE NOSALTRES&#8221; _builder_version=&#8221;4.27.4&#8243; _module_preset=&#8221;a1cf6047-ca21-4d2e-a393-e0e53398ad35&#8243; title_font=&#8221;Inter|500|||||||&#8221; title_text_align=&#8221;center&#8221; title_text_color=&#8221;#FFFFFF&#8221; custom_margin=&#8221;||10px||false|false&#8221; global_colors_info=&#8221;{}&#8221;][\/et_pb_heading][et_pb_divider show_divider=&#8221;off&#8221; disabled_on=&#8221;on|on|off&#8221; _builder_version=&#8221;4.27.4&#8243; _module_preset=&#8221;default&#8221; global_colors_info=&#8221;{}&#8221;][\/et_pb_divider][et_pb_divider show_divider=&#8221;off&#8221; _builder_version=&#8221;4.27.4&#8243; _module_preset=&#8221;default&#8221; global_colors_info=&#8221;{}&#8221;][\/et_pb_divider][et_pb_divider show_divider=&#8221;off&#8221; disabled_on=&#8221;on|on|off&#8221; _builder_version=&#8221;4.27.4&#8243; _module_preset=&#8221;default&#8221; global_colors_info=&#8221;{}&#8221;][\/et_pb_divider][et_pb_video src=&#8221;https:\/\/talentooculto.org\/cat\/wp-content\/uploads\/sites\/4\/2025\/10\/Into_TalentoOculto_Pieza-Larga_Entrevista_16-9_v2.mp4&#8243; image_src=&#8221;https:\/\/talentooculto.org\/cat\/wp-content\/uploads\/sites\/4\/2025\/10\/Tambien_hacer-brillar.jpg&#8221; play_icon_color=&#8221;RGBA(255,255,255,0)&#8221; _builder_version=&#8221;4.27.4&#8243; _module_preset=&#8221;62c2f3a7-9549-41b0-8128-5cc8396af500&#8243; locked=&#8221;off&#8221; global_colors_info=&#8221;{}&#8221;][\/et_pb_video][\/et_pb_column][\/et_pb_row][\/et_pb_section][et_pb_section fb_built=&#8221;1&#8243; admin_label=&#8221;Features&#8221; _builder_version=&#8221;4.27.4&#8243; _module_preset=&#8221;364b0aaf-45a5-431d-a864-e511a646a443&#8243; background_color=&#8221;gcid-ce695d38-7b45-4ff3-bae8-e54df8b6593b&#8221; use_background_color_gradient=&#8221;on&#8221; background_color_gradient_type=&#8221;circular&#8221; background_color_gradient_stops=&#8221;#a0a4a3 11%|#b63412 38%|#0a0000 45%&#8221; custom_margin_tablet=&#8221;&#8221; custom_margin_phone=&#8221;&#8221; custom_margin_last_edited=&#8221;on|phone&#8221; custom_padding=&#8221;20px||20px||true|false&#8221; locked=&#8221;off&#8221; collapsed=&#8221;on&#8221; global_colors_info=&#8221;{%22gcid-ce695d38-7b45-4ff3-bae8-e54df8b6593b%22:%91%22background_color%22%93}&#8221;][et_pb_row custom_padding_last_edited=&#8221;on|phone&#8221; _builder_version=&#8221;4.27.4&#8243; _module_preset=&#8221;default&#8221; custom_padding_tablet=&#8221;&#8221; custom_padding_phone=&#8221;0px||0px||true|false&#8221; global_colors_info=&#8221;{}&#8221;][et_pb_column type=&#8221;4_4&#8243; _builder_version=&#8221;4.25.1&#8243; _module_preset=&#8221;default&#8221; global_colors_info=&#8221;{}&#8221;][et_pb_heading title=&#8221;Valors&#8221; _builder_version=&#8221;4.27.4&#8243; _module_preset=&#8221;8bea8eed-f09e-457d-892d-28157d35cd29&#8243; title_font=&#8221;Inter|500||on|||||&#8221; title_text_align=&#8221;center&#8221; title_text_color=&#8221;#FFFFFF&#8221; custom_margin=&#8221;||10px||false|false&#8221; global_colors_info=&#8221;{}&#8221;][\/et_pb_heading][\/et_pb_column][\/et_pb_row][et_pb_row column_structure=&#8221;1_3,1_3,1_3&#8243; make_equal=&#8221;on&#8221; custom_padding_last_edited=&#8221;on|phone&#8221; _builder_version=&#8221;4.27.4&#8243; _module_preset=&#8221;default&#8221; custom_padding_tablet=&#8221;&#8221; custom_padding_phone=&#8221;0px||0px||true|false&#8221; global_colors_info=&#8221;{}&#8221;][et_pb_column type=&#8221;1_3&#8243; _builder_version=&#8221;4.25.2&#8243; _module_preset=&#8221;default&#8221; global_colors_info=&#8221;{}&#8221;][et_pb_blurb title=&#8221;Autenticitat sense perm\u00eds&#8221; _builder_version=&#8221;4.27.4&#8243; _module_preset=&#8221;51a816fb-2f1a-4e8d-be10-a15745f59071&#8243; header_font=&#8221;Inter|500||on|||||&#8221; background_color=&#8221;#B63412&#8243; text_orientation=&#8221;center&#8221; global_colors_info=&#8221;{%22gcid-d7cd5a78-aaef-4f36-82a3-4d3706015cba%22:%91%22link_text_color%22,%22link_text_color%22,%22link_text_color%22%93,%22gcid-1f1b4e15-7cc6-4e13-8154-74d77a956460%22:%91%22link_text_color%22,%22quote_text_color%22,%22quote_border_color%22,%22link_text_color%22,%22quote_text_color%22,%22quote_border_color%22%93}&#8221;]<span style=\"font-weight: 400;\">Creiem en les persones que es mostren com s\u00f3n, sense demanar perm\u00eds ni disfressar-se per encaixar. El talent m\u00e9s potent neix quan alg\u00fa s&#8217;atreveix a ser completament ella mateixa.<\/span>[\/et_pb_blurb][\/et_pb_column][et_pb_column type=&#8221;1_3&#8243; _builder_version=&#8221;4.25.2&#8243; _module_preset=&#8221;default&#8221; global_colors_info=&#8221;{}&#8221;][et_pb_blurb title=&#8221;Col\u00b7laboraci\u00f3 que eleva&#8221; _builder_version=&#8221;4.27.4&#8243; _module_preset=&#8221;51a816fb-2f1a-4e8d-be10-a15745f59071&#8243; header_font=&#8221;Inter|500||on|||||&#8221; background_color=&#8221;#0a0a0a&#8221; text_orientation=&#8221;center&#8221; custom_padding=&#8221;40px|40px|40px|40px|false|true&#8221; hover_enabled=&#8221;0&#8243; locked=&#8221;off&#8221; global_colors_info=&#8221;{%22gcid-d7cd5a78-aaef-4f36-82a3-4d3706015cba%22:%91%22link_text_color%22,%22link_text_color%22,%22link_text_color%22%93,%22gcid-1f1b4e15-7cc6-4e13-8154-74d77a956460%22:%91%22link_text_color%22,%22quote_text_color%22,%22quote_border_color%22,%22link_text_color%22,%22quote_text_color%22,%22quote_border_color%22,%22link_text_color%22,%22quote_text_color%22,%22quote_border_color%22%93}&#8221; height=&#8221;100%&#8221; sticky_enabled=&#8221;0&#8243;]<\/p>\n<p><span style=\"font-weight: 400;\">Treballar juntes no \u00e9s sumar forces, \u00e9s multiplicar possibilitats. Apostem per relacions genu\u00efnes, on cadascuna aporta des del que \u00e9s, i se sent part sense deixar de ser \u00fanica.<\/span><\/p>\n<p>[\/et_pb_blurb][\/et_pb_column][et_pb_column type=&#8221;1_3&#8243; _builder_version=&#8221;4.25.2&#8243; _module_preset=&#8221;default&#8221; global_colors_info=&#8221;{}&#8221;][et_pb_blurb title=&#8221;Visibilitat amb prop\u00f2sit&#8221; _builder_version=&#8221;4.27.4&#8243; _module_preset=&#8221;51a816fb-2f1a-4e8d-be10-a15745f59071&#8243; header_font=&#8221;Inter|500||on|||||&#8221; background_color=&#8221;#a0a4a3&#8243; text_orientation=&#8221;center&#8221; min_height=&#8221;100px&#8221; hover_enabled=&#8221;0&#8243; locked=&#8221;off&#8221; global_colors_info=&#8221;{}&#8221; height=&#8221;100%&#8221; sticky_enabled=&#8221;0&#8243;]<\/p>\n<p><span style=\"font-weight: 400;\">No volem aparadors, volem focus que il\u00b7luminin all\u00f2 que importa. Donem veu a qui sol quedar-se al marge, perqu\u00e8 sabem que all\u00e0 hi ha el canvi que encara no ha arribat.<\/span><\/p>\n<p>[\/et_pb_blurb][\/et_pb_column][\/et_pb_row][et_pb_row column_structure=&#8221;1_2,1_2&#8243; make_equal=&#8221;on&#8221; _builder_version=&#8221;4.27.4&#8243; _module_preset=&#8221;default&#8221; global_colors_info=&#8221;{}&#8221;][et_pb_column type=&#8221;1_2&#8243; _builder_version=&#8221;4.25.2&#8243; _module_preset=&#8221;default&#8221; global_colors_info=&#8221;{}&#8221;][et_pb_blurb title=&#8221;Converses que transformen&#8221; _builder_version=&#8221;4.27.4&#8243; _module_preset=&#8221;51a816fb-2f1a-4e8d-be10-a15745f59071&#8243; header_font=&#8221;Inter|500||on|||||&#8221; background_color=&#8221;#a0a4a3&#8243; text_orientation=&#8221;center&#8221; min_height=&#8221;100px&#8221; hover_enabled=&#8221;0&#8243; locked=&#8221;off&#8221; global_colors_info=&#8221;{}&#8221; height=&#8221;100%&#8221; sticky_enabled=&#8221;0&#8243;]<\/p>\n<p>Creiem en parlar de veritat. Del que costa, del que fa mal, del que somia. Les transformacions comencen amb una conversa valenta i alg\u00fa que escolti de veritat.<\/p>\n<p>[\/et_pb_blurb][\/et_pb_column][et_pb_column type=&#8221;1_2&#8243; _builder_version=&#8221;4.25.2&#8243; _module_preset=&#8221;default&#8221; global_colors_info=&#8221;{}&#8221;][et_pb_blurb title=&#8221;Connexi\u00f3 que deixa empremta&#8221; _builder_version=&#8221;4.27.4&#8243; _module_preset=&#8221;51a816fb-2f1a-4e8d-be10-a15745f59071&#8243; header_font=&#8221;Inter|500||on|||||&#8221; background_color=&#8221;#B63412&#8243; text_orientation=&#8221;center&#8221; height=&#8221;100%&#8221; global_colors_info=&#8221;{%22gcid-d7cd5a78-aaef-4f36-82a3-4d3706015cba%22:%91%22link_text_color%22,%22link_text_color%22,%22link_text_color%22%93,%22gcid-1f1b4e15-7cc6-4e13-8154-74d77a956460%22:%91%22link_text_color%22,%22quote_text_color%22,%22quote_border_color%22,%22link_text_color%22,%22quote_text_color%22,%22quote_border_color%22%93}&#8221;]<\/p>\n<p><span style=\"font-weight: 400;\">No creiem en els vincles fuga\u00e7os. Ens mouen les relacions que se sostenen amb el temps, que generen confian\u00e7a, impacte i mem\u00f2ria. On l&#8217;hum\u00e0 va abans que l&#8217;urgent.<\/span><span style=\"font-weight: 400;\"><\/span><\/p>\n<p><span style=\"font-weight: 400;\"><\/span><\/p>\n<p>[\/et_pb_blurb][\/et_pb_column][\/et_pb_row][\/et_pb_section][et_pb_section fb_built=&#8221;1&#8243; admin_label=&#8221;Call to Action&#8221; _builder_version=&#8221;4.27.4&#8243; _module_preset=&#8221;364b0aaf-45a5-431d-a864-e511a646a443&#8243; background_color=&#8221;#a0a4a3&#8243; locked=&#8221;off&#8221; collapsed=&#8221;on&#8221; global_colors_info=&#8221;{}&#8221;][et_pb_row column_structure=&#8221;1_2,1_2&#8243; _builder_version=&#8221;4.27.4&#8243; _module_preset=&#8221;default&#8221; locked=&#8221;off&#8221; global_colors_info=&#8221;{}&#8221;][et_pb_column type=&#8221;1_2&#8243; _builder_version=&#8221;4.27.4&#8243; _module_preset=&#8221;default&#8221; global_colors_info=&#8221;{}&#8221;][et_pb_image src=&#8221;https:\/\/talentooculto.org\/cat\/wp-content\/uploads\/sites\/4\/2025\/10\/Foto-perfil-Helena.png&#8221; alt=&#8221;Foto perfil Helena&#8221; title_text=&#8221;Foto perfil Helena&#8221; _builder_version=&#8221;4.27.4&#8243; _module_preset=&#8221;default&#8221; custom_margin=&#8221;||||false|false&#8221; border_radii=&#8221;on|30px|30px|30px|30px&#8221; global_colors_info=&#8221;{}&#8221;][\/et_pb_image][\/et_pb_column][et_pb_column type=&#8221;1_2&#8243; _builder_version=&#8221;4.25.1&#8243; _module_preset=&#8221;default&#8221; global_colors_info=&#8221;{}&#8221;][et_pb_heading title=&#8221;La creadora de Talento Oculto&#8221; _builder_version=&#8221;4.27.4&#8243; _module_preset=&#8221;8bea8eed-f09e-457d-892d-28157d35cd29&#8243; title_font=&#8221;Inter|500|||||||&#8221; title_text_color=&#8221;#FFFFFF&#8221; title_font_size=&#8221;34px&#8221; custom_margin=&#8221;||10px||false|false&#8221; global_colors_info=&#8221;{}&#8221;][\/et_pb_heading][et_pb_text quote_border_color=&#8221;#0047ff&#8221; _builder_version=&#8221;4.27.4&#8243; _module_preset=&#8221;f86f0347-c93c-4880-854a-6e75e349ebc0&#8243; text_line_height=&#8221;1.5em&#8221; link_text_color=&#8221;#B63412&#8243; quote_text_color=&#8221;#0047ff&#8221; global_colors_info=&#8221;{%22gcid-1f1b4e15-7cc6-4e13-8154-74d77a956460%22:%91%22quote_text_color%22,%22quote_border_color%22%93}&#8221;]<\/p>\n<p style=\"text-align: justify;\"><span style=\"color: #ffffff;\">L&#8217;Helena \u00e9s mirada estrat\u00e8gica i \u00e0nima curiosa. T\u00e9 la rara habilitat de connectar el que a altres els sembla desconnectat: persones, idees, mons. Escolta amb atenci\u00f3, pensa amb perspectiva i actua amb coher\u00e8ncia. <\/span><\/p>\n<p style=\"text-align: justify;\"><span style=\"color: #ffffff;\">La seva intu\u00efci\u00f3 est\u00e0 entrenada, la seva energia \u00e9s constant, i la seva lleialtat, profunda. No busca el focus, per\u00f2 quan l&#8217;ocupa, l&#8217;omple de sentit, cada paraula, cada gest, cada connexi\u00f3 t\u00e9 prop\u00f2sit. per\u00f2 sempre deixa empremta: en una conversa, en una decisi\u00f3 o en una manera de mirar els reptes. <\/span><\/p>\n<p style=\"text-align: justify;\"><span style=\"color: #ffffff;\">L&#8217;Helena crea ponts, obre portes i acompanya processos de canvi amb humanitat i claredat. T\u00e9 la sensibilitat per llegir l&#8217;invisible i la determinaci\u00f3 per fer-ho visible.<\/span><\/p>\n<p style=\"text-align: justify;\"><span style=\"color: #ffffff;\"> I, sobretot, t\u00e9 un prop\u00f2sit clar: construir des de la confian\u00e7a, l&#8217;impacte i l&#8217;\u00e8tica. Perqu\u00e8 en cada cosa que fa, hi deixa alguna cosa de si mateixa, i aconsegueix que els altres tamb\u00e9 vulguin deixar la seva millor versi\u00f3. <\/span><\/p>\n<p style=\"text-align: justify;\"><span style=\"color: #ffffff;\">Si vols saber m\u00e9s sobre la seva traject\u00f2ria professional, aqu\u00ed tens el seu perfil a <span style=\"color: #0e3eed;\">LinkedIn<\/span>. I si vols con\u00e8ixer-la una mica m\u00e9s com a persona, ha respost la mateixa entrevista que les persones que apareixen en aquest espai.<\/span><\/p>\n<p>[\/et_pb_text][et_pb_button button_url=&#8221;https:\/\/talentooculto.org\/cat\/entrevista-helana-torras\/&#8221; button_text=&#8221;Llegir entrevista&#8221; _builder_version=&#8221;4.27.4&#8243; _module_preset=&#8221;2450c5e8-a381-4ccc-924b-e6ab33fd2f85&#8243; button_bg_color=&#8221;RGBA(255,255,255,0)&#8221; button_border_color=&#8221;#FFFFFF&#8221; button_use_icon=&#8221;off&#8221; global_colors_info=&#8221;{}&#8221;][\/et_pb_button][\/et_pb_column][\/et_pb_row][\/et_pb_section]<\/p>\n","protected":false},"excerpt":{"rendered":"<p>Creiem en les persones que es mostren com s\u00f3n, sense demanar perm\u00eds ni disfressar-se per encaixar. El talent m\u00e9s potent neix quan alg\u00fa s&#8217;atreveix a ser completament ella mateixa.Treballar juntes no \u00e9s sumar forces, \u00e9s multiplicar possibilitats. Apostem per relacions genu\u00efnes, on cadascuna aporta des del que \u00e9s, i se sent part sense deixar de [&hellip;]<\/p>\n","protected":false},"author":2,"featured_media":0,"parent":0,"menu_order":0,"comment_status":"closed","ping_status":"closed","template":"","meta":{"_et_pb_use_builder":"on","_et_pb_old_content":"","_et_gb_content_width":"","footnotes":""},"class_list":["post-59","page","type-page","status-publish","hentry"],"_links":{"self":[{"href":"https:\/\/talentooculto.org\/cat\/wp-json\/wp\/v2\/pages\/59","targetHints":{"allow":["GET"]}}],"collection":[{"href":"https:\/\/talentooculto.org\/cat\/wp-json\/wp\/v2\/pages"}],"about":[{"href":"https:\/\/talentooculto.org\/cat\/wp-json\/wp\/v2\/types\/page"}],"author":[{"embeddable":true,"href":"https:\/\/talentooculto.org\/cat\/wp-json\/wp\/v2\/users\/2"}],"replies":[{"embeddable":true,"href":"https:\/\/talentooculto.org\/cat\/wp-json\/wp\/v2\/comments?post=59"}],"version-history":[{"count":39,"href":"https:\/\/talentooculto.org\/cat\/wp-json\/wp\/v2\/pages\/59\/revisions"}],"predecessor-version":[{"id":561,"href":"https:\/\/talentooculto.org\/cat\/wp-json\/wp\/v2\/pages\/59\/revisions\/561"}],"wp:attachment":[{"href":"https:\/\/talentooculto.org\/cat\/wp-json\/wp\/v2\/media?parent=59"}],"curies":[{"name":"wp","href":"https:\/\/api.w.org\/{rel}","templated":true}]}}