{"id":8,"date":"2025-10-13T10:51:13","date_gmt":"2025-10-13T10:51:13","guid":{"rendered":"https:\/\/talentooculto.org\/cat\/?page_id=8"},"modified":"2025-12-15T07:56:52","modified_gmt":"2025-12-15T07:56:52","slug":"inici","status":"publish","type":"page","link":"https:\/\/talentooculto.org\/cat\/","title":{"rendered":"INICI"},"content":{"rendered":"<p>[et_pb_section fb_built=&#8221;1&#8243; admin_label=&#8221;Header&#8221; _builder_version=&#8221;4.27.4&#8243; _module_preset=&#8221;03d556f1-df34-44f9-a19f-ca661e78efab&#8221; background_color_gradient_stops=&#8221;gcid-d119accd-44d7-4f2f-b9d7-599c8463324b 0%|#072130 0%|#b63412 22%|#a0a4a3 100%&#8221; background_image=&#8221;https:\/\/talentooculto.org\/cat\/wp-content\/uploads\/sites\/4\/2025\/10\/non-profit-03.jpg&#8221; min_height=&#8221;1468.4px&#8221; custom_margin=&#8221;-53px|||||&#8221; collapsed=&#8221;on&#8221; global_colors_info=&#8221;{}&#8221;][et_pb_row _builder_version=&#8221;4.25.1&#8243; _module_preset=&#8221;default&#8221; custom_margin=&#8221;|auto|-304px|auto||&#8221; custom_padding=&#8221;41px||0px|||&#8221; global_colors_info=&#8221;{}&#8221;][et_pb_column type=&#8221;4_4&#8243; _builder_version=&#8221;4.25.1&#8243; _module_preset=&#8221;default&#8221; global_colors_info=&#8221;{}&#8221;][et_pb_image src=&#8221;https:\/\/talentooculto.org\/cat\/wp-content\/uploads\/sites\/4\/2025\/10\/TalentoOculto-Logo-02-scaled.png&#8221; alt=&#8221;TalentoOculto-Logo-02&#8243; title_text=&#8221;TalentoOculto-Logo-02&#8243; align=&#8221;center&#8221; _builder_version=&#8221;4.27.4&#8243; _module_preset=&#8221;default&#8221; height=&#8221;533px&#8221; height_tablet=&#8221;533px&#8221; height_phone=&#8221;&#8221; height_last_edited=&#8221;on|phone&#8221; custom_margin=&#8221;||17px|||&#8221; custom_padding=&#8221;||0px|||&#8221; global_colors_info=&#8221;{}&#8221;][\/et_pb_image][et_pb_heading title=&#8221;Brillar no \u00e9s presumir. &#8221; _builder_version=&#8221;4.27.4&#8243; _module_preset=&#8221;4a0ef1cb-4f07-4a9d-83a4-09fc3200a775&#8243; title_font=&#8221;Inter|700|||||||&#8221; title_text_align=&#8221;center&#8221; title_text_color=&#8221;#FFFFFF&#8221; title_font_size=&#8221;50px&#8221; min_height=&#8221;76px&#8221; min_height_tablet=&#8221;76px&#8221; min_height_phone=&#8221;55px&#8221; min_height_last_edited=&#8221;on|phone&#8221; custom_margin=&#8221;||10px||false|false&#8221; module_alignment_last_edited=&#8221;off|phone&#8221; global_colors_info=&#8221;{}&#8221;][\/et_pb_heading][et_pb_heading title=&#8221;\u00c9s il\u00b7luminar perqu\u00e8 passin coses.&#8221; _builder_version=&#8221;4.27.4&#8243; _module_preset=&#8221;4a0ef1cb-4f07-4a9d-83a4-09fc3200a775&#8243; title_font=&#8221;Inter|700|||||||&#8221; title_text_align=&#8221;center&#8221; title_text_color=&#8221;#FFFFFF&#8221; title_font_size=&#8221;50px&#8221; custom_margin=&#8221;-15px||35px||false|false&#8221; custom_padding=&#8221;0px|||||&#8221; global_colors_info=&#8221;{}&#8221;][\/et_pb_heading][et_pb_heading title=&#8221; Fem visible el talent que mou el futur: el que transforma, connecta i marca la difer\u00e8ncia.&#8221; _builder_version=&#8221;4.27.4&#8243; _module_preset=&#8221;4a0ef1cb-4f07-4a9d-83a4-09fc3200a775&#8243; title_font=&#8221;Inter|700|||||||&#8221; title_text_align=&#8221;center&#8221; title_text_color=&#8221;#0a0a0a&#8221; title_font_size=&#8221;20px&#8221; min_height=&#8221;76px&#8221; min_height_tablet=&#8221;76px&#8221; min_height_phone=&#8221;55px&#8221; min_height_last_edited=&#8221;on|phone&#8221; custom_margin=&#8221;-25px||10px||false|false&#8221; hover_enabled=&#8221;0&#8243; module_alignment_last_edited=&#8221;off|phone&#8221; global_colors_info=&#8221;{}&#8221; sticky_enabled=&#8221;0&#8243; title_font_size_last_edited=&#8221;on|phone&#8221; title_font_size_tablet=&#8221;15px&#8221; title_font_size_phone=&#8221;15px&#8221;][\/et_pb_heading][\/et_pb_column][\/et_pb_row][et_pb_row _builder_version=&#8221;4.27.4&#8243; _module_preset=&#8221;default&#8221; custom_margin=&#8221;|auto|-304px|auto||&#8221; custom_padding=&#8221;41px||0px|||&#8221; global_colors_info=&#8221;{}&#8221;][et_pb_column type=&#8221;4_4&#8243; _builder_version=&#8221;4.25.1&#8243; _module_preset=&#8221;default&#8221; global_colors_info=&#8221;{}&#8221;][et_pb_button button_text=&#8221;nova publicaci\u00f3&#8221; button_alignment=&#8221;center&#8221; _builder_version=&#8221;4.27.4&#8243; _module_preset=&#8221;9edcfe3c-cc57-400d-b9b1-2865b8264f11&#8243; button_text_color=&#8221;#ffffff&#8221; button_bg_color=&#8221;#B63412&#8243; button_use_icon=&#8221;off&#8221; custom_margin=&#8221;3px|||||&#8221; custom_css_main_element=&#8221;width: 100%&#8221; global_colors_info=&#8221;{}&#8221;][\/et_pb_button][\/et_pb_column][\/et_pb_row][et_pb_row column_structure=&#8221;1_2,1_2&#8243; _builder_version=&#8221;4.27.4&#8243; _module_preset=&#8221;default&#8221; global_colors_info=&#8221;{}&#8221;][et_pb_column type=&#8221;1_2&#8243; _builder_version=&#8221;4.27.4&#8243; _module_preset=&#8221;default&#8221; global_colors_info=&#8221;{}&#8221;][et_pb_image src=&#8221;https:\/\/talentooculto.org\/cat\/wp-content\/uploads\/sites\/4\/2025\/10\/Roser-Roca-Toha.png&#8221; title_text=&#8221;Roser Roca-Toha&#8221; _builder_version=&#8221;4.27.4&#8243; _module_preset=&#8221;750b4c94-4259-4f66-ad6f-0f9d04ab53e0&#8243; width=&#8221;100%&#8221; min_height=&#8221;500px&#8221; min_height_tablet=&#8221;500px&#8221; min_height_phone=&#8221;100px&#8221; min_height_last_edited=&#8221;on|desktop&#8221; custom_margin=&#8221;32px|||||&#8221; global_colors_info=&#8221;{}&#8221;][\/et_pb_image][\/et_pb_column][et_pb_column type=&#8221;1_2&#8243; _builder_version=&#8221;4.27.4&#8243; _module_preset=&#8221;default&#8221; custom_padding=&#8221;70px||||false|false&#8221; global_colors_info=&#8221;{}&#8221;][et_pb_heading title=&#8221;Roser Roca-TohA&#8221; _builder_version=&#8221;4.27.4&#8243; _module_preset=&#8221;4830c7b5-7b86-4f97-a268-ac85ba9f001c&#8221; title_font=&#8221;Inter|||on|||||&#8221; title_text_align=&#8221;center&#8221; title_text_color=&#8221;#FFFFFF&#8221; custom_margin_tablet=&#8221;&#8221; custom_margin_phone=&#8221;-50px||||false|false&#8221; custom_margin_last_edited=&#8221;on|phone&#8221; custom_padding=&#8221;4px|||||&#8221; global_colors_info=&#8221;{}&#8221;][\/et_pb_heading][et_pb_heading title=&#8221;   \t %22Toca el m\u00f3n i les persones, portant posada nom\u00e9s la senzillesa, autenticitat i passi\u00f3&#8230; i una profunda convicci\u00f3 que la tecnologia obre camins.%22&#8243; _builder_version=&#8221;4.27.4&#8243; _module_preset=&#8221;4830c7b5-7b86-4f97-a268-ac85ba9f001c&#8221; title_font=&#8221;Inter||||||||&#8221; title_text_align=&#8221;center&#8221; title_text_color=&#8221;#FFFFFF&#8221; custom_padding=&#8221;3px|||||&#8221; global_colors_info=&#8221;{}&#8221;][\/et_pb_heading][et_pb_button button_url=&#8221;https:\/\/talentooculto.org\/cat\/roser-roca-toha-entrevista\/&#8221; button_text=&#8221;Descubrir&#8221; button_alignment=&#8221;center&#8221; _builder_version=&#8221;4.27.4&#8243; _module_preset=&#8221;9edcfe3c-cc57-400d-b9b1-2865b8264f11&#8243; button_text_color=&#8221;#ffffff&#8221; button_bg_color=&#8221;#B63412&#8243; button_border_color=&#8221;#FFFFFF&#8221; button_use_icon=&#8221;off&#8221; custom_css_main_element=&#8221;width: 100%&#8221; global_colors_info=&#8221;{}&#8221;][\/et_pb_button][\/et_pb_column][\/et_pb_row][\/et_pb_section][et_pb_section fb_built=&#8221;1&#8243; admin_label=&#8221;Our Mission&#8221; _builder_version=&#8221;4.27.4&#8243; _module_preset=&#8221;c8988ca2-ae13-4212-ab3a-9fe0392b86f1&#8243; background_color=&#8221;#B63412&#8243; min_height=&#8221;78.8px&#8221; custom_margin=&#8221;-30px||||false|&#8221; custom_padding=&#8221;5vw||5vw|0px|true|false&#8221; collapsed=&#8221;on&#8221; global_colors_info=&#8221;{}&#8221;][et_pb_row column_structure=&#8221;1_3,1_3,1_3&#8243; _builder_version=&#8221;4.27.4&#8243; _module_preset=&#8221;default&#8221; max_width=&#8221;900px&#8221; global_colors_info=&#8221;{}&#8221;][et_pb_column type=&#8221;1_3&#8243; _builder_version=&#8221;4.27.4&#8243; _module_preset=&#8221;default&#8221; global_colors_info=&#8221;{}&#8221;][et_pb_image src=&#8221;https:\/\/talentooculto.org\/cat\/wp-content\/uploads\/sites\/4\/2025\/10\/Dunia-Rosello.png&#8221; title_text=&#8221;Dunia Rosello&#8221; _builder_version=&#8221;4.27.4&#8243; _module_preset=&#8221;default&#8221; border_radii=&#8221;on|30px|30px|30px|30px&#8221; global_colors_info=&#8221;{}&#8221;][\/et_pb_image][et_pb_text _builder_version=&#8221;4.27.4&#8243; _module_preset=&#8221;default&#8221; text_font=&#8221;Inter|||on|||||&#8221; text_font_size=&#8221;20px&#8221; text_line_height=&#8221;1.2em&#8221; header_font=&#8221;|||on|||||&#8221; header_font_size=&#8221;20px&#8221; global_colors_info=&#8221;{}&#8221;]<\/p>\n<p style=\"text-align: center\"><span style=\"color: #ffffff\">Dunia Rosell\u00f3<\/span><\/p>\n<p>[\/et_pb_text][et_pb_button button_url=&#8221;https:\/\/talentooculto.org\/cat\/dunia-rosello-entrevista\/&#8221; button_text=&#8221;Descubrir&#8221; button_alignment=&#8221;center&#8221; _builder_version=&#8221;4.27.4&#8243; _module_preset=&#8221;9edcfe3c-cc57-400d-b9b1-2865b8264f11&#8243; button_text_color=&#8221;#ffffff&#8221; button_bg_color=&#8221;#B63412&#8243; button_border_color=&#8221;#FFFFFF&#8221; button_use_icon=&#8221;off&#8221; custom_css_main_element=&#8221;width: 100%&#8221; global_colors_info=&#8221;{}&#8221;][\/et_pb_button][\/et_pb_column][et_pb_column type=&#8221;1_3&#8243; _builder_version=&#8221;4.27.4&#8243; _module_preset=&#8221;default&#8221; global_colors_info=&#8221;{}&#8221;][et_pb_image src=&#8221;https:\/\/talentooculto.org\/cat\/wp-content\/uploads\/sites\/4\/2025\/10\/Maite-Esteve.png&#8221; title_text=&#8221;Maite Esteve&#8221; _builder_version=&#8221;4.27.4&#8243; _module_preset=&#8221;default&#8221; border_radii=&#8221;on|30px|30px|30px|30px&#8221; global_colors_info=&#8221;{}&#8221;][\/et_pb_image][et_pb_text _builder_version=&#8221;4.27.4&#8243; _module_preset=&#8221;default&#8221; text_font=&#8221;Inter|||on|||||&#8221; text_font_size=&#8221;20px&#8221; text_line_height=&#8221;1.2em&#8221; global_colors_info=&#8221;{}&#8221;]<\/p>\n<p style=\"text-align: center\"><span style=\"color: #ffffff\">Maite Esteve<\/span><\/p>\n<p>[\/et_pb_text][et_pb_button button_url=&#8221;https:\/\/talentooculto.org\/cat\/maite-esteve-entrevista\/&#8221; button_text=&#8221;Descubrir&#8221; button_alignment=&#8221;center&#8221; _builder_version=&#8221;4.27.4&#8243; _module_preset=&#8221;9edcfe3c-cc57-400d-b9b1-2865b8264f11&#8243; button_text_color=&#8221;#ffffff&#8221; button_bg_color=&#8221;#B63412&#8243; button_border_color=&#8221;#FFFFFF&#8221; button_use_icon=&#8221;off&#8221; custom_css_main_element=&#8221;width: 100%&#8221; global_colors_info=&#8221;{}&#8221;][\/et_pb_button][\/et_pb_column][et_pb_column type=&#8221;1_3&#8243; _builder_version=&#8221;4.27.4&#8243; _module_preset=&#8221;default&#8221; global_colors_info=&#8221;{}&#8221;][et_pb_image src=&#8221;https:\/\/talentooculto.org\/cat\/wp-content\/uploads\/sites\/4\/2025\/10\/4.png&#8221; title_text=&#8221;4&#8243; url=&#8221;https:\/\/talentooculto.org\/cat\/sandra-estiarte-entrevista\/&#8221; _builder_version=&#8221;4.27.4&#8243; _module_preset=&#8221;default&#8221; border_radii=&#8221;on|30px|30px|30px|30px&#8221; global_colors_info=&#8221;{}&#8221;][\/et_pb_image][et_pb_text _builder_version=&#8221;4.27.4&#8243; _module_preset=&#8221;default&#8221; text_font=&#8221;Inter|||on|||||&#8221; text_text_color=&#8221;#FFFFFF&#8221; text_font_size=&#8221;20px&#8221; text_line_height=&#8221;1.2em&#8221; global_colors_info=&#8221;{}&#8221;]<\/p>\n<p style=\"text-align: center\">Sandra Estiarte<\/p>\n<p>[\/et_pb_text][et_pb_button button_url=&#8221;https:\/\/talentooculto.org\/cat\/sandra-estiarte-entrevista\/&#8221; button_text=&#8221;Descubrir&#8221; button_alignment=&#8221;center&#8221; _builder_version=&#8221;4.27.4&#8243; _module_preset=&#8221;9edcfe3c-cc57-400d-b9b1-2865b8264f11&#8243; button_text_color=&#8221;#ffffff&#8221; button_bg_color=&#8221;#B63412&#8243; button_border_color=&#8221;#FFFFFF&#8221; button_use_icon=&#8221;off&#8221; custom_css_main_element=&#8221;width: 100%&#8221; global_colors_info=&#8221;{}&#8221;][\/et_pb_button][\/et_pb_column][\/et_pb_row][et_pb_row _builder_version=&#8221;4.27.4&#8243; _module_preset=&#8221;default&#8221; max_width=&#8221;900px&#8221; global_colors_info=&#8221;{}&#8221;][et_pb_column type=&#8221;4_4&#8243; _builder_version=&#8221;4.27.4&#8243; _module_preset=&#8221;default&#8221; global_colors_info=&#8221;{}&#8221;][et_pb_button button_url=&#8221;https:\/\/talentooculto.org\/cat\/seleccion-talentos-ocultos\/&#8221; button_text=&#8221;DESCUBRIR M\u00c9S TALENT&#8221; button_alignment=&#8221;center&#8221; _builder_version=&#8221;4.27.4&#8243; _module_preset=&#8221;9edcfe3c-cc57-400d-b9b1-2865b8264f11&#8243; button_text_color=&#8221;#B63412&#8243; button_bg_color=&#8221;#FFFFFF&#8221; button_border_color=&#8221;#FFFFFF&#8221; button_use_icon=&#8221;off&#8221; custom_margin=&#8221;3px|||||&#8221; custom_css_main_element=&#8221;width: 100%&#8221; global_colors_info=&#8221;{}&#8221;][\/et_pb_button][\/et_pb_column][\/et_pb_row][\/et_pb_section][et_pb_section fb_built=&#8221;1&#8243; admin_label=&#8221;Our Mission&#8221; _builder_version=&#8221;4.27.4&#8243; _module_preset=&#8221;c8988ca2-ae13-4212-ab3a-9fe0392b86f1&#8243; background_color=&#8221;#a0a4a3&#8243; min_height=&#8221;630.8px&#8221; min_height_tablet=&#8221;630.8px&#8221; min_height_phone=&#8221;&#8221; min_height_last_edited=&#8221;on|phone&#8221; custom_margin=&#8221;||||false&#8221; custom_padding=&#8221;5vw||5vw|0px|true|false&#8221; collapsed=&#8221;on&#8221; global_colors_info=&#8221;{}&#8221;][et_pb_row _builder_version=&#8221;4.27.4&#8243; _module_preset=&#8221;default&#8221; max_width=&#8221;900px&#8221; global_colors_info=&#8221;{}&#8221;][et_pb_column type=&#8221;4_4&#8243; _builder_version=&#8221;4.27.4&#8243; _module_preset=&#8221;default&#8221; global_colors_info=&#8221;{}&#8221;][et_pb_heading title=&#8221;Sempre m&#8217;ha sortit natural fer brillar els altres. Connectar persones, descobrir talents, crear espais on cadasc\u00fa pugui mostrar-se tal com \u00e9s.&#8221; _builder_version=&#8221;4.27.4&#8243; _module_preset=&#8221;4830c7b5-7b86-4f97-a268-ac85ba9f001c&#8221; title_font=&#8221;Inter||||||||&#8221; title_text_align=&#8221;center&#8221; title_text_color=&#8221;#FFFFFF&#8221; global_colors_info=&#8221;{}&#8221;][\/et_pb_heading][et_pb_heading title=&#8221;Llegir el Manifest&#8221; url=&#8221;https:\/\/talentooculto.org\/cat\/manifest\/&#8221; _builder_version=&#8221;4.27.4&#8243; _module_preset=&#8221;b1ef9fec-9e08-4d39-b901-e23be61c6695&#8243; title_font=&#8221;Inter|700||on|||||&#8221; title_text_align=&#8221;center&#8221; title_text_color=&#8221;#FFFFFF&#8221; global_colors_info=&#8221;{}&#8221;][\/et_pb_heading][\/et_pb_column][\/et_pb_row][\/et_pb_section][et_pb_section fb_built=&#8221;1&#8243; admin_label=&#8221;Call to Action&#8221; _builder_version=&#8221;4.27.4&#8243; _module_preset=&#8221;b37d3a0a-ce28-42fb-bdb4-d3cc3ff0bb38&#8243; background_color=&#8221;#000000&#8243; custom_margin=&#8221;||||false&#8221; custom_padding=&#8221;5vw||5vw||true|false&#8221; locked=&#8221;off&#8221; collapsed=&#8221;on&#8221; global_colors_info=&#8221;{}&#8221;][et_pb_row _builder_version=&#8221;4.25.2&#8243; _module_preset=&#8221;default&#8221; global_colors_info=&#8221;{}&#8221;][et_pb_column type=&#8221;4_4&#8243; _builder_version=&#8221;4.25.1&#8243; _module_preset=&#8221;default&#8221; global_colors_info=&#8221;{}&#8221;][et_pb_heading title=&#8221; Subscriu-te a la newsletter per a descobrir talents i molt m\u00e9s&#8221; url=&#8221;https:\/\/talentooculto.org\/cat\/contacte\/&#8221; _builder_version=&#8221;4.27.4&#8243; _module_preset=&#8221;579ee113-3638-47e8-b313-84f715eec659&#8243; title_font=&#8221;Inter||||||||&#8221; title_text_align=&#8221;center&#8221; title_text_color=&#8221;#FFFFFF&#8221; global_colors_info=&#8221;{}&#8221;][\/et_pb_heading][et_pb_button button_url=&#8221;https:\/\/talentooculto.org\/cat\/contacte\/&#8221; button_text=&#8221; Subscriu-te&#8221; button_alignment=&#8221;center&#8221; _builder_version=&#8221;4.27.4&#8243; _module_preset=&#8221;9edcfe3c-cc57-400d-b9b1-2865b8264f11&#8243; button_bg_color=&#8221;#B63412&#8243; button_use_icon=&#8221;off&#8221; global_colors_info=&#8221;{}&#8221;][\/et_pb_button][\/et_pb_column][\/et_pb_row][\/et_pb_section][et_pb_section fb_built=&#8221;1&#8243; admin_label=&#8221;Call to Action&#8221; _builder_version=&#8221;4.27.4&#8243; _module_preset=&#8221;f6d1bb99-c84d-4438-93f9-0eaaf226231d&#8221; use_background_color_gradient=&#8221;on&#8221; background_color_gradient_type=&#8221;circular&#8221; background_color_gradient_direction_radial=&#8221;top left&#8221; background_color_gradient_stops=&#8221;gcid-2352d280-fe84-43b1-a71e-f400c35a526a 0%|rgba(255,255,255,0) 0%&#8221; background_color_gradient_overlays_image=&#8221;on&#8221; background_image=&#8221;https:\/\/talentooculto.org\/cat\/wp-content\/uploads\/sites\/4\/2025\/10\/Screenshot-2025-10-14-at-08.39.57-scaled.jpg&#8221; parallax=&#8221;on&#8221; background_enable_video_mp4=&#8221;off&#8221; custom_margin=&#8221;||||false&#8221; custom_padding=&#8221;8vw||8vw|0px|true|false&#8221; collapsed=&#8221;on&#8221; global_colors_info=&#8221;{%22gcid-2352d280-fe84-43b1-a71e-f400c35a526a%22:%91%22background_color_gradient_stops%22%93}&#8221;][et_pb_row column_structure=&#8221;3_4,1_4&#8243; _builder_version=&#8221;4.25.2&#8243; _module_preset=&#8221;default&#8221; global_colors_info=&#8221;{}&#8221;][et_pb_column type=&#8221;3_4&#8243; _builder_version=&#8221;4.25.1&#8243; _module_preset=&#8221;default&#8221; global_colors_info=&#8221;{}&#8221;][et_pb_heading title=&#8221; Creiem en les persones que es mostren com s\u00f3n, sense demanar perm\u00eds ni disfressar-se per a encaixar. El talent m\u00e9s potent neix quan alg\u00fa s&#8217;atreveix a ser completament un mateix.&#8221; _builder_version=&#8221;4.27.4&#8243; _module_preset=&#8221;4830c7b5-7b86-4f97-a268-ac85ba9f001c&#8221; title_text_color=&#8221;#FFFFFF&#8221; global_colors_info=&#8221;{}&#8221;][\/et_pb_heading][et_pb_button button_url=&#8221;https:\/\/talentooculto.org\/cat\/sobre-nosotres\/&#8221; button_text=&#8221;Sobre nosaltres&#8221; _builder_version=&#8221;4.27.4&#8243; _module_preset=&#8221;9edcfe3c-cc57-400d-b9b1-2865b8264f11&#8243; button_bg_color=&#8221;#B63412&#8243; button_use_icon=&#8221;off&#8221; global_colors_info=&#8221;{}&#8221;][\/et_pb_button][\/et_pb_column][et_pb_column type=&#8221;1_4&#8243; _builder_version=&#8221;4.25.1&#8243; _module_preset=&#8221;default&#8221; global_colors_info=&#8221;{}&#8221;][\/et_pb_column][\/et_pb_row][\/et_pb_section]<\/p>\n","protected":false},"excerpt":{"rendered":"<p>Dunia Rosell\u00f3Maite EsteveSandra Estiarte<\/p>\n","protected":false},"author":2,"featured_media":0,"parent":0,"menu_order":0,"comment_status":"closed","ping_status":"closed","template":"","meta":{"_et_pb_use_builder":"on","_et_pb_old_content":"","_et_gb_content_width":"","footnotes":""},"class_list":["post-8","page","type-page","status-publish","hentry"],"_links":{"self":[{"href":"https:\/\/talentooculto.org\/cat\/wp-json\/wp\/v2\/pages\/8","targetHints":{"allow":["GET"]}}],"collection":[{"href":"https:\/\/talentooculto.org\/cat\/wp-json\/wp\/v2\/pages"}],"about":[{"href":"https:\/\/talentooculto.org\/cat\/wp-json\/wp\/v2\/types\/page"}],"author":[{"embeddable":true,"href":"https:\/\/talentooculto.org\/cat\/wp-json\/wp\/v2\/users\/2"}],"replies":[{"embeddable":true,"href":"https:\/\/talentooculto.org\/cat\/wp-json\/wp\/v2\/comments?post=8"}],"version-history":[{"count":48,"href":"https:\/\/talentooculto.org\/cat\/wp-json\/wp\/v2\/pages\/8\/revisions"}],"predecessor-version":[{"id":568,"href":"https:\/\/talentooculto.org\/cat\/wp-json\/wp\/v2\/pages\/8\/revisions\/568"}],"wp:attachment":[{"href":"https:\/\/talentooculto.org\/cat\/wp-json\/wp\/v2\/media?parent=8"}],"curies":[{"name":"wp","href":"https:\/\/api.w.org\/{rel}","templated":true}]}}